{"id":12050,"date":"2023-01-03T15:52:05","date_gmt":"2023-01-03T14:52:05","guid":{"rendered":"http:\/\/baltic.be-ge.se\/?page_id=12050"},"modified":"2025-10-30T10:50:27","modified_gmt":"2025-10-30T09:50:27","slug":"contact-juste-markeviciene","status":"publish","type":"page","link":"https:\/\/baltic.be-ge.se\/sv\/contact-juste-markeviciene\/","title":{"rendered":"Kontakt Just\u0117 Markevi\u010dien\u0117"},"content":{"rendered":"\t\t<div data-elementor-type=\"wp-page\" data-elementor-id=\"12050\" class=\"elementor elementor-12050\" data-elementor-post-type=\"page\">\n\t\t\t\t\t\t<section class=\"elementor-section elementor-top-section elementor-element elementor-element-2a1f8b6 elementor-section-boxed elementor-section-height-default elementor-section-height-default\" data-id=\"2a1f8b6\" data-element_type=\"section\" data-e-type=\"section\">\n\t\t\t\t\t\t<div class=\"elementor-container elementor-column-gap-default\">\n\t\t\t\t\t<div class=\"elementor-column elementor-col-100 elementor-top-column elementor-element elementor-element-efb4635\" data-id=\"efb4635\" data-element_type=\"column\" data-e-type=\"column\">\n\t\t\t<div class=\"elementor-widget-wrap elementor-element-populated\">\n\t\t\t\t\t\t<div class=\"elementor-element elementor-element-121b1a3 elementor-widget elementor-widget-text-editor\" data-id=\"121b1a3\" data-element_type=\"widget\" data-e-type=\"widget\" data-widget_type=\"text-editor.default\">\n\t\t\t\t<div class=\"elementor-widget-container\">\n\t\t\t\t\t\t\t\t\t<p><em>Please note: If the person you are trying to contact has an active out-of-office reply, response times may be longer than usual. The content of the automatic reply cannot be forwarded through this service, but your message will still be delivered as normal. We strive to get back to you as soon as possible and appreciate your understanding.<\/em><\/p>\t\t\t\t\t\t\t\t<\/div>\n\t\t\t\t<\/div>\n\t\t\t\t<div class=\"elementor-element elementor-element-c6ec245 elementor-widget elementor-widget-shortcode\" data-id=\"c6ec245\" data-element_type=\"widget\" data-e-type=\"widget\" data-widget_type=\"shortcode.default\">\n\t\t\t\t<div class=\"elementor-widget-container\">\n\t\t\t\t\t\t\t<div class=\"elementor-shortcode\"><form class=\"af-form acf-form\" method=\"POST\" action=\"https:\/\/baltic.be-ge.se\/sv\/wp-json\/wp\/v2\/pages\/12050\" id=\"form_63bbe1640608a\" data-key=\"form_63bbe1640608a\" data-recaptcha-site-key=\"6LdFNwgkAAAAAGvBrsS5Xl8xt5EhM61UOTQBpOow\"><div class=\"af-fields acf-fields acf-form-fields -top\">\t<div id=\"acf-form-data\" class=\"acf-hidden\">\n\t\t<input type=\"hidden\" id=\"_acf_screen\" name=\"_acf_screen\" value=\"acf_form\"\/><input type=\"hidden\" id=\"_acf_post_id\" name=\"_acf_post_id\" value=\"0\"\/><input type=\"hidden\" id=\"_acf_validation\" name=\"_acf_validation\" value=\"1\"\/><input type=\"hidden\" id=\"_acf_form\" name=\"_acf_form\" value=\"0\"\/><input type=\"hidden\" id=\"_acf_nonce\" name=\"_acf_nonce\" value=\"637c25552e\"\/><input type=\"hidden\" id=\"_acf_changed\" name=\"_acf_changed\" value=\"0\"\/>\t<\/div>\n\t<div class=\"acf-hidden\"><input type=\"hidden\" name=\"_acfnonce\" value=\"eba98f5aab\"><input type=\"hidden\" name=\"nonce\" value=\"eba98f5aab\"><input type=\"hidden\" name=\"af_form\" value=\"form_63bbe1640608a\"><input type=\"hidden\" name=\"af_form_args\" value=\"eyJhamF4IjpmYWxzZSwiZGlzcGxheV90aXRsZSI6ZmFsc2UsImRpc3BsYXlfZGVzY3JpcHRpb24iOmZhbHNlLCJpZCI6ImZvcm1fNjNiYmUxNjQwNjA4YSIsInZhbHVlcyI6W10sInN1Ym1pdF90ZXh0IjoiU2tpY2thIiwicmVkaXJlY3QiOm51bGwsInRhcmdldCI6Imh0dHBzOlwvXC9iYWx0aWMuYmUtZ2Uuc2VcL3N2XC93cC1qc29uXC93cFwvdjJcL3BhZ2VzXC8xMjA1MCIsImVjaG8iOnRydWUsImV4Y2x1ZGVfZmllbGRzIjpbXSwidXBsb2FkZXIiOiJ3cCIsImZpbHRlcl9tb2RlIjpmYWxzZSwibGFiZWxfcGxhY2VtZW50IjoidG9wIiwiaW5zdHJ1Y3Rpb25fcGxhY2VtZW50IjoibGFiZWwiLCJob25leXBvdCI6dHJ1ZX0=\"><input type=\"hidden\" name=\"_acf_form\" value=\"eyJhamF4IjpmYWxzZSwiZGlzcGxheV90aXRsZSI6ZmFsc2UsImRpc3BsYXlfZGVzY3JpcHRpb24iOmZhbHNlLCJpZCI6ImZvcm1fNjNiYmUxNjQwNjA4YSIsInZhbHVlcyI6W10sInN1Ym1pdF90ZXh0IjoiU2tpY2thIiwicmVkaXJlY3QiOm51bGwsInRhcmdldCI6Imh0dHBzOlwvXC9iYWx0aWMuYmUtZ2Uuc2VcL3N2XC93cC1qc29uXC93cFwvdjJcL3BhZ2VzXC8xMjA1MCIsImVjaG8iOnRydWUsImV4Y2x1ZGVfZmllbGRzIjpbXSwidXBsb2FkZXIiOiJ3cCIsImZpbHRlcl9tb2RlIjpmYWxzZSwibGFiZWxfcGxhY2VtZW50IjoidG9wIiwiaW5zdHJ1Y3Rpb25fcGxhY2VtZW50IjoibGFiZWwiLCJob25leXBvdCI6dHJ1ZX0=\"><input type=\"hidden\" name=\"af_form_nonce\" value=\"5433dbc144\"><label for=\"af_email_for_non_humans_form_63bbe1640608a\" aria-hidden=\"true\">Email for non-humans<\/label><input type=\"text\" name=\"email_for_non_humans\" id=\"af_email_for_non_humans_form_63bbe1640608a\" tabindex=\"-1\" autocomplete=\"off\" \/><input type=\"hidden\" name=\"af_origin_url\" value=\"https:\/\/baltic.be-ge.se\/sv\/wp-json\/wp\/v2\/pages\/12050\" \/><\/div><div class=\"af-field af-field-type-text af-field-namn acf-field acf-field-text acf-field-60a2b8aa8c8f6 af-field-required\" data-name=\"namn\" data-key=\"field_60a2b8aa8c8f6\" data-type=\"text\"><div class=\"af-label acf-label\"><label for=\"acf-field_60a2b8aa8c8f6\">Name \/ Company <span class=\"acf-required\">*<\/span><\/label><\/div><div class=\"af-input acf-input\"><div class=\"acf-input-wrap\"><input type=\"text\" id=\"acf-field_60a2b8aa8c8f6\" name=\"acf[field_60a2b8aa8c8f6]\" required=\"required\"\/><\/div><\/div><\/div><div class=\"af-field af-field-type-text af-field-telefonnummer acf-field acf-field-text acf-field-60a2b8d08c8f7 af-field-required\" data-name=\"telefonnummer\" data-key=\"field_60a2b8d08c8f7\" data-type=\"text\"><div class=\"af-label acf-label\"><label for=\"acf-field_60a2b8d08c8f7\">Phone <span class=\"acf-required\">*<\/span><\/label><\/div><div class=\"af-input acf-input\"><div class=\"acf-input-wrap\"><input type=\"text\" id=\"acf-field_60a2b8d08c8f7\" name=\"acf[field_60a2b8d08c8f7]\" required=\"required\"\/><\/div><\/div><\/div><div class=\"af-field af-field-type-email af-field-e-post acf-field acf-field-email acf-field-60a2b8f58c8f8 af-field-required\" data-name=\"e-post\" data-key=\"field_60a2b8f58c8f8\" data-type=\"email\"><div class=\"af-label acf-label\"><label for=\"acf-field_60a2b8f58c8f8\">E-mail <span class=\"acf-required\">*<\/span><\/label><\/div><div class=\"af-input acf-input\"><div class=\"acf-input-wrap\"><input type=\"email\" id=\"acf-field_60a2b8f58c8f8\" name=\"acf[field_60a2b8f58c8f8]\" required=\"required\"\/><\/div><\/div><\/div><div class=\"af-field af-field-type-text af-field-amne acf-field acf-field-text acf-field-60a2b8ff8c8f9 af-field-required\" data-name=\"amne\" data-key=\"field_60a2b8ff8c8f9\" data-type=\"text\"><div class=\"af-label acf-label\"><label for=\"acf-field_60a2b8ff8c8f9\">Subject <span class=\"acf-required\">*<\/span><\/label><\/div><div class=\"af-input acf-input\"><div class=\"acf-input-wrap\"><input type=\"text\" id=\"acf-field_60a2b8ff8c8f9\" name=\"acf[field_60a2b8ff8c8f9]\" required=\"required\"\/><\/div><\/div><\/div><div class=\"af-field af-field-type-textarea af-field-meddelande acf-field acf-field-textarea acf-field-60a2b9088c8fa af-field-required\" data-name=\"meddelande\" data-key=\"field_60a2b9088c8fa\" data-type=\"textarea\"><div class=\"af-label acf-label\"><label for=\"acf-field_60a2b9088c8fa\">Message <span class=\"acf-required\">*<\/span><\/label><\/div><div class=\"af-input acf-input\"><textarea id=\"acf-field_60a2b9088c8fa\" name=\"acf[field_60a2b9088c8fa]\" rows=\"6\" required=\"required\"><\/textarea><\/div><\/div><div class=\"af-field af-field-type-repeater af-field-file-upload acf-field acf-field-repeater acf-field-60c7469c5bc53 af-field-required\" data-name=\"file_upload\" data-key=\"field_60c7469c5bc53\" data-type=\"repeater\"><div class=\"af-label acf-label\"><label for=\"acf-field_60c7469c5bc53\">File Upload <span class=\"acf-required\">*<\/span><\/label><p class=\"af-field-instructions -placement-label\">Upload files in JPEG, PDF or Doc format<\/p><\/div><div class=\"af-input acf-input\">\t\t<div class=\"acf-repeater -table\" data-min=\"0\" data-max=\"0\" data-pagination=\"0\" data-prefix=\"acf\">\n\t\t\t<input type=\"hidden\" name=\"acf[field_60c7469c5bc53]\" value=\"\" class=\"acf-repeater-hidden-input\"\/>\t\t\t<table class=\"acf-table\">\n\t\t\t\t\t\t<thead>\n\t\t\t<tr>\n\t\t\t\t\t\t\t\t\t<th class=\"acf-row-handle\"><\/th>\n\t\t\t\t\n\t\t\t\t\t\t\t\t\t<th class=\"acf-th\" data-name=\"attached_files\" data-type=\"file\" data-key=\"field_63c64e1c5d83b\">\n\t\t\t\t\t\t<label>Attached files <span class=\"acf-required\">*<\/span><\/label>\t\t\t\t\t\t\t\t\t\t\t<\/th>\n\t\t\t\t\n\t\t\t\t\t\t\t\t\t<th class=\"acf-row-handle\"><\/th>\n\t\t\t\t\t\t\t<\/tr>\n\t\t<\/thead>\n\t\t\t\t\t\t<tbody>\n\t\t\t\t\t<tr class=\"acf-row acf-clone\" data-id=\"acfcloneindex\">\t\t<td class=\"acf-row-handle order\" title=\"Dra f\u00f6r att sortera om\">\n\t\t\t\t\t\t<span class=\"acf-row-number\" title=\"Dra och sl\u00e4pp f\u00f6r att \u00e4ndra ordning\">1<\/span>\t\t<\/td>\n\t\t<td class=\"acf-field acf-field-file acf-field-63c64e1c5d83b is-required\" data-name=\"attached_files\" data-type=\"file\" data-key=\"field_63c64e1c5d83b\" data-required=\"1\">\n<div class=\"acf-input\">\n<div class=\"acf-file-uploader\" data-library=\"all\" data-mime_types=\"jpeg,jpg,pdf,doc,docx\" data-uploader=\"basic\">\n\t\t\t<input type=\"hidden\" name=\"acf[field_60c7469c5bc53][acfcloneindex][field_63c64e1c5d83b]\" value=\"\" data-name=\"id\"\/>\t<div class=\"show-if-value file-wrap\" tabindex=\"0\" role=\"button\" aria-label=\"Selected file. Press tab to access file options.\">\n\t\t<div class=\"file-icon\">\n\t\t\t<img decoding=\"async\" data-name=\"icon\" src=\"\" alt=\"\"\/>\n\t\t<\/div>\n\t\t<div class=\"file-info\">\n\t\t\t<p>\n\t\t\t\t<strong data-name=\"title\"><\/strong>\n\t\t\t<\/p>\n\t\t\t<p>\n\t\t\t\t<strong>Filnamn:<\/strong>\n\t\t\t\t<a data-name=\"filename\" href=\"\" target=\"_blank\"><\/a>\n\t\t\t<\/p>\n\t\t\t<p>\n\t\t\t\t<strong>Filstorlek:<\/strong>\n\t\t\t\t<span data-name=\"filesize\"><\/span>\n\t\t\t<\/p>\n\t\t<\/div>\n\t\t<div class=\"acf-actions -hover\">\n\t\t\t\t\t\t<a class=\"acf-icon -cancel dark\" data-name=\"remove\" href=\"#\" title=\"Ta bort\" aria-label=\"Ta bort fil\"><\/a>\n\t\t<\/div>\n\t<\/div>\n\t<div class=\"hide-if-value\">\n\t\t\t\t\t\t\n\t\t\t\t\t\t\t\n\t\t\t<label class=\"acf-basic-uploader\">\n\t\t\t\t<input type=\"file\" name=\"acf[field_60c7469c5bc53][acfcloneindex][field_63c64e1c5d83b]\" id=\"acf-field_60c7469c5bc53-acfcloneindex-field_63c64e1c5d83b\" key=\"field_63c64e1c5d83b\" accept=\"jpeg,jpg,pdf,doc,docx\" \/><input type=\"hidden\" name=\"acf[field_63c64e1c5d83b_file_nonce]\" value=\"41977f0fec\" \/>\t\t\t<\/label>\n\t\t\t\n\t\t\t\t\n\t<\/div>\n<\/div>\n\t\t\t<\/div>\n<\/td>\n\t\t<td class=\"acf-row-handle remove\">\n\t\t\t<a class=\"acf-icon -plus small acf-js-tooltip hide-on-shift\" href=\"#\" data-event=\"add-row\" title=\"L\u00e4gg till rad\"><\/a>\n\t\t\t<a class=\"acf-icon -duplicate small acf-js-tooltip show-on-shift\" href=\"#\" data-event=\"duplicate-row\" title=\"Duplicera rad\"><\/a>\n\t\t\t<a class=\"acf-icon -minus small acf-js-tooltip\" href=\"#\" data-event=\"remove-row\" title=\"Ta bort rad\"><\/a>\n\t\t<\/td>\n\t\t<\/tr>\t\t\t\t<\/tbody>\n\t\t\t<\/table>\n\t\t\t\t\t<div class=\"acf-actions\">\n\t\t\t<a class=\"acf-button acf-repeater-add-row button button-primary\" href=\"#\" data-event=\"add-row\">Add Row<\/a>\n\t\t\t\t\t\t<div class=\"clear\"><\/div>\n\t\t<\/div>\n\t\t\t\t<\/div>\n\t\t<\/div><\/div><div class=\"af-submit acf-form-submit\"><button type=\"submit\" class=\"acf-button af-submit-button\">Skicka<\/button><span class=\"acf-spinner af-spinner\"><\/span><\/div><\/div><\/form>\n<\/div>\n\t\t\t\t\t\t<\/div>\n\t\t\t\t<\/div>\n\t\t\t\t\t<\/div>\n\t\t<\/div>\n\t\t\t\t\t<\/div>\n\t\t<\/section>\n\t\t\t\t<\/div>\n\t\t","protected":false},"excerpt":{"rendered":"<p>Please note: If the person you are trying to contact has an active out-of-office reply, response times may be longer than usual. The content of the automatic reply cannot be forwarded through this service, but your message will still be delivered as normal. We strive to get back to you as soon as possible and [&hellip;]<\/p>\n","protected":false},"author":12,"featured_media":0,"parent":0,"menu_order":0,"comment_status":"closed","ping_status":"closed","template":"","meta":{"_acf_changed":false,"footnotes":""},"class_list":["post-12050","page","type-page","status-publish","hentry"],"acf":[],"_links":{"self":[{"href":"https:\/\/baltic.be-ge.se\/sv\/wp-json\/wp\/v2\/pages\/12050","targetHints":{"allow":["GET"]}}],"collection":[{"href":"https:\/\/baltic.be-ge.se\/sv\/wp-json\/wp\/v2\/pages"}],"about":[{"href":"https:\/\/baltic.be-ge.se\/sv\/wp-json\/wp\/v2\/types\/page"}],"author":[{"embeddable":true,"href":"https:\/\/baltic.be-ge.se\/sv\/wp-json\/wp\/v2\/users\/12"}],"replies":[{"embeddable":true,"href":"https:\/\/baltic.be-ge.se\/sv\/wp-json\/wp\/v2\/comments?post=12050"}],"version-history":[{"count":11,"href":"https:\/\/baltic.be-ge.se\/sv\/wp-json\/wp\/v2\/pages\/12050\/revisions"}],"predecessor-version":[{"id":14200,"href":"https:\/\/baltic.be-ge.se\/sv\/wp-json\/wp\/v2\/pages\/12050\/revisions\/14200"}],"wp:attachment":[{"href":"https:\/\/baltic.be-ge.se\/sv\/wp-json\/wp\/v2\/media?parent=12050"}],"curies":[{"name":"wp","href":"https:\/\/api.w.org\/{rel}","templated":true}]}}