{"id":11145,"date":"2022-05-31T15:13:48","date_gmt":"2022-05-31T13:13:48","guid":{"rendered":"http:\/\/baltic.be-ge.se\/?page_id=11145"},"modified":"2024-05-30T13:30:00","modified_gmt":"2024-05-30T11:30:00","slug":"industrial-sewing","status":"publish","type":"page","link":"https:\/\/baltic.be-ge.se\/sv\/industrial-sewing\/","title":{"rendered":"Industriell s\u00f6mnad"},"content":{"rendered":"<div data-elementor-type=\"wp-page\" data-elementor-id=\"11145\" class=\"elementor elementor-11145\" data-elementor-post-type=\"page\">\n\t\t\t\t\t\t<section class=\"elementor-section elementor-top-section elementor-element elementor-element-c41970d elementor-section-boxed elementor-section-height-default elementor-section-height-default\" data-id=\"c41970d\" data-element_type=\"section\" data-e-type=\"section\">\n\t\t\t\t\t\t<div class=\"elementor-container elementor-column-gap-default\">\n\t\t\t\t\t<div class=\"elementor-column elementor-col-50 elementor-top-column elementor-element elementor-element-4ebd13a7\" data-id=\"4ebd13a7\" data-element_type=\"column\" data-e-type=\"column\">\n\t\t\t<div class=\"elementor-widget-wrap elementor-element-populated\">\n\t\t\t\t\t\t<div class=\"elementor-element elementor-element-3c059ede elementor-widget elementor-widget-heading\" data-id=\"3c059ede\" data-element_type=\"widget\" data-e-type=\"widget\" data-widget_type=\"heading.default\">\n\t\t\t\t<div class=\"elementor-widget-container\">\n\t\t\t\t\t<h1 class=\"elementor-heading-title elementor-size-large\">Industriell s\u00f6mnad<\/h1>\t\t\t\t<\/div>\n\t\t\t\t<\/div>\n\t\t\t\t\t<\/div>\n\t\t<\/div>\n\t\t\t\t<div class=\"elementor-column elementor-col-50 elementor-top-column elementor-element elementor-element-ed9d05f\" data-id=\"ed9d05f\" data-element_type=\"column\" data-e-type=\"column\">\n\t\t\t<div class=\"elementor-widget-wrap elementor-element-populated\">\n\t\t\t\t\t\t<div class=\"elementor-element elementor-element-23313a47 elementor-widget elementor-widget-text-editor\" data-id=\"23313a47\" data-element_type=\"widget\" data-e-type=\"widget\" data-widget_type=\"text-editor.default\">\n\t\t\t\t<div class=\"elementor-widget-container\">\n\t\t\t\t\t\t\t\t\tBe-Ge Baltics st\u00f6rsta aff\u00e4rsomr\u00e5de \u00e4r industriell s\u00f6mnad. F\u00f6retaget \u00e4r specialiserat p\u00e5 s\u00f6mnad av n\u00e5got gr\u00f6vre typ av textiler som anv\u00e4nds f\u00f6r stolar till lastbilar, t\u00e5g, bussar, b\u00e5tar, kontors- och bevakningsstolar, publik- och h\u00f6rsalsstolar, rullstolar, f\u00f6r olika slags m\u00f6bler samt andra industriartiklar.\n\n\t\t\t\t\t\t\t\t<\/div>\n\t\t\t\t<\/div>\n\t\t\t\t\t<\/div>\n\t\t<\/div>\n\t\t\t\t\t<\/div>\n\t\t<\/section>\n\t\t\t\t<section class=\"elementor-section elementor-top-section elementor-element elementor-element-3d70cbdc elementor-section-full_width elementor-section-height-min-height elementor-section-height-default elementor-section-items-middle\" data-id=\"3d70cbdc\" data-element_type=\"section\" data-e-type=\"section\" data-settings=\"{&quot;background_background&quot;:&quot;classic&quot;}\">\n\t\t\t\t\t\t\t<div class=\"elementor-background-overlay\"><\/div>\n\t\t\t\t\t\t\t<div class=\"elementor-container elementor-column-gap-default\">\n\t\t\t\t\t<div class=\"elementor-column elementor-col-100 elementor-top-column elementor-element elementor-element-7eeff551\" data-id=\"7eeff551\" data-element_type=\"column\" data-e-type=\"column\">\n\t\t\t<div class=\"elementor-widget-wrap elementor-element-populated\">\n\t\t\t\t\t\t<section class=\"elementor-section elementor-inner-section elementor-element elementor-element-20802603 elementor-section-boxed elementor-section-height-default elementor-section-height-default\" data-id=\"20802603\" data-element_type=\"section\" data-e-type=\"section\">\n\t\t\t\t\t\t<div class=\"elementor-container elementor-column-gap-default\">\n\t\t\t\t\t<div class=\"elementor-column elementor-col-100 elementor-inner-column elementor-element elementor-element-3887c0c\" data-id=\"3887c0c\" data-element_type=\"column\" data-e-type=\"column\">\n\t\t\t<div class=\"elementor-widget-wrap elementor-element-populated\">\n\t\t\t\t\t\t<div class=\"elementor-element elementor-element-6768fdb8 elementor-widget elementor-widget-heading\" data-id=\"6768fdb8\" data-element_type=\"widget\" data-e-type=\"widget\" data-widget_type=\"heading.default\">\n\t\t\t\t<div class=\"elementor-widget-container\">\n\t\t\t\t\t<h1 class=\"elementor-heading-title elementor-size-large\">Industriell s\u00f6mnad \u00e4r v\u00e5rt st\u00f6rsta aff\u00e4rsomr\u00e5de<\/h1>\t\t\t\t<\/div>\n\t\t\t\t<\/div>\n\t\t\t\t\t<\/div>\n\t\t<\/div>\n\t\t\t\t\t<\/div>\n\t\t<\/section>\n\t\t\t\t\t<\/div>\n\t\t<\/div>\n\t\t\t\t\t<\/div>\n\t\t<\/section>\n\t\t\t\t<section class=\"elementor-section elementor-top-section elementor-element elementor-element-7772ce03 elementor-section-boxed elementor-section-height-default elementor-section-height-default\" data-id=\"7772ce03\" data-element_type=\"section\" data-e-type=\"section\">\n\t\t\t\t\t\t<div class=\"elementor-container elementor-column-gap-default\">\n\t\t\t\t\t<div class=\"elementor-column elementor-col-100 elementor-top-column elementor-element elementor-element-3f2f5f20\" data-id=\"3f2f5f20\" data-element_type=\"column\" data-e-type=\"column\">\n\t\t\t<div class=\"elementor-widget-wrap elementor-element-populated\">\n\t\t\t\t\t\t<div class=\"elementor-element elementor-element-3e23f29b elementor-widget elementor-widget-heading\" data-id=\"3e23f29b\" data-element_type=\"widget\" data-e-type=\"widget\" data-widget_type=\"heading.default\">\n\t\t\t\t<div class=\"elementor-widget-container\">\n\t\t\t\t\t<h2 class=\"elementor-heading-title elementor-size-large\">H\u00f6g klass p\u00e5 maskiner och utrustning<\/h2>\t\t\t\t<\/div>\n\t\t\t\t<\/div>\n\t\t\t\t<div class=\"elementor-element elementor-element-2d317e62 elementor-widget elementor-widget-text-editor\" data-id=\"2d317e62\" data-element_type=\"widget\" data-e-type=\"widget\" data-widget_type=\"text-editor.default\">\n\t\t\t\t<div class=\"elementor-widget-container\">\n\t\t\t\t\t\t\t\t\t<p>Be-Ge Baltics UAB symaskinspark h\u00e5ller h\u00f6g klass med bl.a. maskiner som har dubbel- och trippel matning d\u00e4r man kan sy laminerade tyger, vinyl, l\u00e4der och liknande gr\u00f6vre material. Ytterligare maskintyper \u00e4r overlockmaskiner, olika 2-n\u00e5ls symaskiner, pelarmaskiner, kedjes\u00f6msmaskiner, maskiner med bandkantning och andra specialanpassade maskiner av k\u00e4nda m\u00e4rken (Mauser Spezial, Pegasus, Unicorn, D\u00fcrkopp Adler, Pfaff, Juki och dyl). F\u00f6retaget kan d\u00e4rmed erbjuda ett mycket brett sortiment av kostnadseffektiva s\u00f6mnadstj\u00e4nster.<\/p>\t\t\t\t\t\t\t\t<\/div>\n\t\t\t\t<\/div>\n\t\t\t\t<section class=\"elementor-section elementor-inner-section elementor-element elementor-element-2b4a98ef elementor-section-boxed elementor-section-height-default elementor-section-height-default\" data-id=\"2b4a98ef\" data-element_type=\"section\" data-e-type=\"section\">\n\t\t\t\t\t\t<div class=\"elementor-container elementor-column-gap-wider\">\n\t\t\t\t\t<div class=\"elementor-column elementor-col-50 elementor-inner-column elementor-element elementor-element-29c17cb4\" data-id=\"29c17cb4\" data-element_type=\"column\" data-e-type=\"column\" data-settings=\"{&quot;background_background&quot;:&quot;classic&quot;}\">\n\t\t\t<div class=\"elementor-widget-wrap elementor-element-populated\">\n\t\t\t\t\t\t<div class=\"elementor-element elementor-element-54f8f614 elementor-widget elementor-widget-image\" data-id=\"54f8f614\" data-element_type=\"widget\" data-e-type=\"widget\" data-widget_type=\"image.default\">\n\t\t\t\t<div class=\"elementor-widget-container\">\n\t\t\t\t\t\t\t\t\t\t\t\t\t\t\t<img fetchpriority=\"high\" decoding=\"async\" width=\"800\" height=\"534\" src=\"https:\/\/baltic.be-ge.se\/wp-content\/uploads\/2023\/05\/IMG_7826_.webp\" class=\"attachment-large size-large wp-image-13392\" alt=\"siuvimas\/ s\u00f6mnad\/ sewing \/ pramoninis siuvimas\/ industriell s\u00f6mnad\/ industrial sewing\" srcset=\"https:\/\/baltic.be-ge.se\/wp-content\/uploads\/2023\/05\/IMG_7826_.webp 1000w, https:\/\/baltic.be-ge.se\/wp-content\/uploads\/2023\/05\/IMG_7826_-300x200.webp 300w, https:\/\/baltic.be-ge.se\/wp-content\/uploads\/2023\/05\/IMG_7826_-768x512.webp 768w, https:\/\/baltic.be-ge.se\/wp-content\/uploads\/2023\/05\/IMG_7826_-18x12.webp 18w\" sizes=\"(max-width: 800px) 100vw, 800px\" \/>\t\t\t\t\t\t\t\t\t\t\t\t\t\t\t<\/div>\n\t\t\t\t<\/div>\n\t\t\t\t\t<\/div>\n\t\t<\/div>\n\t\t\t\t<div class=\"elementor-column elementor-col-50 elementor-inner-column elementor-element elementor-element-7eb0b9bb\" data-id=\"7eb0b9bb\" data-element_type=\"column\" data-e-type=\"column\" data-settings=\"{&quot;background_background&quot;:&quot;classic&quot;}\">\n\t\t\t<div class=\"elementor-widget-wrap elementor-element-populated\">\n\t\t\t\t\t\t<div class=\"elementor-element elementor-element-30521582 elementor-widget elementor-widget-image\" data-id=\"30521582\" data-element_type=\"widget\" data-e-type=\"widget\" data-widget_type=\"image.default\">\n\t\t\t\t<div class=\"elementor-widget-container\">\n\t\t\t\t\t\t\t\t\t\t\t\t\t\t\t<img decoding=\"async\" width=\"1000\" height=\"667\" src=\"https:\/\/baltic.be-ge.se\/wp-content\/uploads\/2024\/05\/DSC_0097.webp\" class=\"attachment-full size-full wp-image-13823\" alt=\"\" srcset=\"https:\/\/baltic.be-ge.se\/wp-content\/uploads\/2024\/05\/DSC_0097.webp 1000w, https:\/\/baltic.be-ge.se\/wp-content\/uploads\/2024\/05\/DSC_0097-300x200.webp 300w, https:\/\/baltic.be-ge.se\/wp-content\/uploads\/2024\/05\/DSC_0097-768x512.webp 768w, https:\/\/baltic.be-ge.se\/wp-content\/uploads\/2024\/05\/DSC_0097-18x12.webp 18w\" sizes=\"(max-width: 1000px) 100vw, 1000px\" \/>\t\t\t\t\t\t\t\t\t\t\t\t\t\t\t<\/div>\n\t\t\t\t<\/div>\n\t\t\t\t\t<\/div>\n\t\t<\/div>\n\t\t\t\t\t<\/div>\n\t\t<\/section>\n\t\t\t\t\t<\/div>\n\t\t<\/div>\n\t\t\t\t\t<\/div>\n\t\t<\/section>\n\t\t\t\t<section class=\"elementor-section elementor-top-section elementor-element elementor-element-305996c6 elementor-section-boxed elementor-section-height-default elementor-section-height-default\" data-id=\"305996c6\" data-element_type=\"section\" data-e-type=\"section\">\n\t\t\t\t\t\t<div class=\"elementor-container elementor-column-gap-default\">\n\t\t\t\t\t<div class=\"elementor-column elementor-col-100 elementor-top-column elementor-element elementor-element-6e6446c8\" data-id=\"6e6446c8\" data-element_type=\"column\" data-e-type=\"column\">\n\t\t\t<div class=\"elementor-widget-wrap elementor-element-populated\">\n\t\t\t\t\t\t<div class=\"elementor-element elementor-element-47f61af0 elementor-widget elementor-widget-heading\" data-id=\"47f61af0\" data-element_type=\"widget\" data-e-type=\"widget\" data-widget_type=\"heading.default\">\n\t\t\t\t<div class=\"elementor-widget-container\">\n\t\t\t\t\t<h2 class=\"elementor-heading-title elementor-size-large\">Stor produktionskapacitet<\/h2>\t\t\t\t<\/div>\n\t\t\t\t<\/div>\n\t\t\t\t<div class=\"elementor-element elementor-element-7481b6f2 elementor-widget elementor-widget-text-editor\" data-id=\"7481b6f2\" data-element_type=\"widget\" data-e-type=\"widget\" data-widget_type=\"text-editor.default\">\n\t\t\t\t<div class=\"elementor-widget-container\">\n\t\t\t\t\t\t\t\t\t<p>Genom en h\u00f6g produktionskapacitet som kan erbjuda allt fr\u00e5n specials\u00f6mnad i sm\u00e5 serier till kostnadseffektiv volymproduktion. Det \u00e4r kundens behov och \u00f6nskem\u00e5l som avg\u00f6r vilket tillverkningss\u00e4tt som \u00e4r b\u00e4st. Ofta handlar det om att ta fram en slutprodukt som best\u00e5r av m\u00e5nga olika delar, inte bara s\u00f6mnad. Alla delar som ing\u00e5r i kundens l\u00f6sning monteras p\u00e5 f\u00f6retaget till\nen f\u00e4rdig produkt, klar att levereras och anv\u00e4ndas.<\/p>\t\t\t\t\t\t\t\t<\/div>\n\t\t\t\t<\/div>\n\t\t\t\t<section class=\"elementor-section elementor-inner-section elementor-element elementor-element-33655650 elementor-section-boxed elementor-section-height-default elementor-section-height-default\" data-id=\"33655650\" data-element_type=\"section\" data-e-type=\"section\">\n\t\t\t\t\t\t<div class=\"elementor-container elementor-column-gap-wider\">\n\t\t\t\t\t<div class=\"elementor-column elementor-col-50 elementor-inner-column elementor-element elementor-element-3f6bd3c7\" data-id=\"3f6bd3c7\" data-element_type=\"column\" data-e-type=\"column\" data-settings=\"{&quot;background_background&quot;:&quot;classic&quot;}\">\n\t\t\t<div class=\"elementor-widget-wrap elementor-element-populated\">\n\t\t\t\t\t\t<div class=\"elementor-element elementor-element-3517ec2d elementor-widget elementor-widget-image\" data-id=\"3517ec2d\" data-element_type=\"widget\" data-e-type=\"widget\" data-widget_type=\"image.default\">\n\t\t\t\t<div class=\"elementor-widget-container\">\n\t\t\t\t\t\t\t\t\t\t\t\t\t\t\t<img decoding=\"async\" width=\"800\" height=\"534\" src=\"https:\/\/baltic.be-ge.se\/wp-content\/uploads\/2023\/05\/IMG_7718.webp\" class=\"attachment-large size-large wp-image-13394\" alt=\"siuvimas\/ s\u00f6mnad\/ sewing \/ pramoninis siuvimas\/ industriell s\u00f6mnad\/ industrial sewing\" srcset=\"https:\/\/baltic.be-ge.se\/wp-content\/uploads\/2023\/05\/IMG_7718.webp 1000w, https:\/\/baltic.be-ge.se\/wp-content\/uploads\/2023\/05\/IMG_7718-300x200.webp 300w, https:\/\/baltic.be-ge.se\/wp-content\/uploads\/2023\/05\/IMG_7718-768x512.webp 768w, https:\/\/baltic.be-ge.se\/wp-content\/uploads\/2023\/05\/IMG_7718-18x12.webp 18w\" sizes=\"(max-width: 800px) 100vw, 800px\" \/>\t\t\t\t\t\t\t\t\t\t\t\t\t\t\t<\/div>\n\t\t\t\t<\/div>\n\t\t\t\t\t<\/div>\n\t\t<\/div>\n\t\t\t\t<div class=\"elementor-column elementor-col-50 elementor-inner-column elementor-element elementor-element-3eaba543\" data-id=\"3eaba543\" data-element_type=\"column\" data-e-type=\"column\" data-settings=\"{&quot;background_background&quot;:&quot;classic&quot;}\">\n\t\t\t<div class=\"elementor-widget-wrap elementor-element-populated\">\n\t\t\t\t\t\t<div class=\"elementor-element elementor-element-50584d39 elementor-widget elementor-widget-image\" data-id=\"50584d39\" data-element_type=\"widget\" data-e-type=\"widget\" data-widget_type=\"image.default\">\n\t\t\t\t<div class=\"elementor-widget-container\">\n\t\t\t\t\t\t\t\t\t\t\t\t\t\t\t<img loading=\"lazy\" decoding=\"async\" width=\"800\" height=\"534\" src=\"https:\/\/baltic.be-ge.se\/wp-content\/uploads\/2023\/05\/IMG_7735_.webp\" class=\"attachment-large size-large wp-image-13395\" alt=\"siuvimas\/ s\u00f6mnad\/ sewing \/ pramoninis siuvimas\/ industriell s\u00f6mnad\/ industrial sewing\" srcset=\"https:\/\/baltic.be-ge.se\/wp-content\/uploads\/2023\/05\/IMG_7735_.webp 1000w, https:\/\/baltic.be-ge.se\/wp-content\/uploads\/2023\/05\/IMG_7735_-300x200.webp 300w, https:\/\/baltic.be-ge.se\/wp-content\/uploads\/2023\/05\/IMG_7735_-768x512.webp 768w, https:\/\/baltic.be-ge.se\/wp-content\/uploads\/2023\/05\/IMG_7735_-18x12.webp 18w\" sizes=\"(max-width: 800px) 100vw, 800px\" \/>\t\t\t\t\t\t\t\t\t\t\t\t\t\t\t<\/div>\n\t\t\t\t<\/div>\n\t\t\t\t\t<\/div>\n\t\t<\/div>\n\t\t\t\t\t<\/div>\n\t\t<\/section>\n\t\t\t\t\t<\/div>\n\t\t<\/div>\n\t\t\t\t\t<\/div>\n\t\t<\/section>\n\t\t\t\t<section class=\"elementor-section elementor-top-section elementor-element elementor-element-d0ba860 elementor-section-boxed elementor-section-height-default elementor-section-height-default\" data-id=\"d0ba860\" data-element_type=\"section\" data-e-type=\"section\" data-settings=\"{&quot;background_background&quot;:&quot;classic&quot;}\">\n\t\t\t\t\t\t<div class=\"elementor-container elementor-column-gap-default\">\n\t\t\t\t\t<div class=\"elementor-column elementor-col-100 elementor-top-column elementor-element elementor-element-e9e8ee7\" data-id=\"e9e8ee7\" data-element_type=\"column\" data-e-type=\"column\">\n\t\t\t<div class=\"elementor-widget-wrap elementor-element-populated\">\n\t\t\t\t\t\t<div class=\"elementor-element elementor-element-d74a9ba elementor-widget elementor-widget-heading\" data-id=\"d74a9ba\" data-element_type=\"widget\" data-e-type=\"widget\" data-widget_type=\"heading.default\">\n\t\t\t\t<div class=\"elementor-widget-container\">\n\t\t\t\t\t<h2 class=\"elementor-heading-title elementor-size-large\">Rekrytera professionellt utbildad personal\n<\/h2>\t\t\t\t<\/div>\n\t\t\t\t<\/div>\n\t\t\t\t<div class=\"elementor-element elementor-element-09581e9 elementor-widget elementor-widget-text-editor\" data-id=\"09581e9\" data-element_type=\"widget\" data-e-type=\"widget\" data-widget_type=\"text-editor.default\">\n\t\t\t\t<div class=\"elementor-widget-container\">\n\t\t\t\t\t\t\t\t\t<p>F\u00f6retaget har ett n\u00e4ra samarbete med Klaipeda Technology Training School och d\u00e4r handplockas v\u00e4lutbildad personal till f\u00f6retaget. F\u00f6r n\u00e4rvarande finns det \u00f6ver 56 teoretiskt och praktiskt v\u00e4lutbildade s\u00f6mmerskor och med deras samlade kunskap kan kunden erbjudas s\u00f6mnad av h\u00f6gsta kvalitet.<\/p>\t\t\t\t\t\t\t\t<\/div>\n\t\t\t\t<\/div>\n\t\t\t\t\t<\/div>\n\t\t<\/div>\n\t\t\t\t\t<\/div>\n\t\t<\/section>\n\t\t\t\t<section class=\"elementor-section elementor-top-section elementor-element elementor-element-bae6e6f elementor-section-boxed elementor-section-height-default elementor-section-height-default\" data-id=\"bae6e6f\" data-element_type=\"section\" data-e-type=\"section\" data-settings=\"{&quot;background_background&quot;:&quot;classic&quot;}\">\n\t\t\t\t\t\t<div class=\"elementor-container elementor-column-gap-default\">\n\t\t\t\t\t<div class=\"elementor-column elementor-col-100 elementor-top-column elementor-element elementor-element-14b7f65\" data-id=\"14b7f65\" data-element_type=\"column\" data-e-type=\"column\">\n\t\t\t<div class=\"elementor-widget-wrap elementor-element-populated\">\n\t\t\t\t\t\t<div class=\"elementor-element elementor-element-0328ff8 elementor-cta--skin-cover elementor-animated-content elementor-bg-transform elementor-bg-transform-zoom-in elementor-widget elementor-widget-call-to-action\" data-id=\"0328ff8\" data-element_type=\"widget\" data-e-type=\"widget\" data-widget_type=\"call-to-action.default\">\n\t\t\t\t<div class=\"elementor-widget-container\">\n\t\t\t\t\t\t\t<div class=\"elementor-cta\">\n\t\t\t\t\t<div class=\"elementor-cta__bg-wrapper\">\n\t\t\t\t<div class=\"elementor-cta__bg elementor-bg\" style=\"background-image: url(https:\/\/baltic.be-ge.se\/wp-content\/uploads\/2023\/05\/RS592_IMG_6121__-1024x470.webp);\" role=\"img\" aria-label=\"Long term customer relations Our advantageous points such as financial stability, experience and knowledge have resulted in the company\u2019s long term customer relations.\"><\/div>\n\t\t\t\t<div class=\"elementor-cta__bg-overlay\"><\/div>\n\t\t\t<\/div>\n\t\t\t\t\t\t\t<div class=\"elementor-cta__content\">\n\t\t\t\t\n\t\t\t\t\t\t\t\t\t<h2 class=\"elementor-cta__title elementor-cta__content-item elementor-content-item elementor-animated-item--grow\">\n\t\t\t\t\t\tKontakta oss\t\t\t\t\t<\/h2>\n\t\t\t\t\n\t\t\t\t\t\t\t\t\t<div class=\"elementor-cta__description elementor-cta__content-item elementor-content-item elementor-animated-item--grow\">\n\t\t\t\t\t\tOm du har fr\u00e5gor och vill ha mer\ninformation, v\u00e4nligen kontakta oss.\t\t\t\t\t<\/div>\n\t\t\t\t\n\t\t\t\t\t\t\t\t\t<div class=\"elementor-cta__button-wrapper elementor-cta__content-item elementor-content-item elementor-animated-item--grow\">\n\t\t\t\t\t<a class=\"elementor-cta__button elementor-button elementor-size-\" href=\"\/sv\/contact\/\">\n\t\t\t\t\t\tKontakta oss h\u00e4r\t\t\t\t\t<\/a>\n\t\t\t\t\t<\/div>\n\t\t\t\t\t\t\t<\/div>\n\t\t\t\t\t\t<\/div>\n\t\t\t\t\t\t<\/div>\n\t\t\t\t<\/div>\n\t\t\t\t\t<\/div>\n\t\t<\/div>\n\t\t\t\t\t<\/div>\n\t\t<\/section>\n\t\t\t\t<section class=\"elementor-section elementor-top-section elementor-element elementor-element-dae9b4e elementor-section-boxed elementor-section-height-default elementor-section-height-default\" data-id=\"dae9b4e\" data-element_type=\"section\" data-e-type=\"section\">\n\t\t\t\t\t\t<div class=\"elementor-container elementor-column-gap-default\">\n\t\t\t\t\t<div class=\"elementor-column elementor-col-100 elementor-top-column elementor-element elementor-element-c48003a\" data-id=\"c48003a\" data-element_type=\"column\" data-e-type=\"column\">\n\t\t\t<div class=\"elementor-widget-wrap elementor-element-populated\">\n\t\t\t\t\t\t<div class=\"elementor-element elementor-element-ba2065f elementor-widget elementor-widget-spacer\" data-id=\"ba2065f\" data-element_type=\"widget\" data-e-type=\"widget\" data-widget_type=\"spacer.default\">\n\t\t\t\t<div class=\"elementor-widget-container\">\n\t\t\t\t\t\t\t<div class=\"elementor-spacer\">\n\t\t\t<div class=\"elementor-spacer-inner\"><\/div>\n\t\t<\/div>\n\t\t\t\t\t\t<\/div>\n\t\t\t\t<\/div>\n\t\t\t\t\t<\/div>\n\t\t<\/div>\n\t\t\t\t\t<\/div>\n\t\t<\/section>\n\t\t\t\t<\/div>","protected":false},"excerpt":{"rendered":"<p>Industrial sewing The largest business field of Be-Ge Baltic UAB is industrial sewing. The company specializes in sewing of rougher types of textiles used for manufacturing truck, bus, train, boat, office and surveillance chairs, auditorium chairs, wheelchairs as well as for upholstered furniture and other industrial products. Industrial sewing is our largest business field Sophisticated [&hellip;]<\/p>\n","protected":false},"author":7,"featured_media":0,"parent":0,"menu_order":0,"comment_status":"closed","ping_status":"closed","template":"","meta":{"_acf_changed":false,"footnotes":""},"class_list":["post-11145","page","type-page","status-publish","hentry"],"acf":[],"_links":{"self":[{"href":"https:\/\/baltic.be-ge.se\/sv\/wp-json\/wp\/v2\/pages\/11145","targetHints":{"allow":["GET"]}}],"collection":[{"href":"https:\/\/baltic.be-ge.se\/sv\/wp-json\/wp\/v2\/pages"}],"about":[{"href":"https:\/\/baltic.be-ge.se\/sv\/wp-json\/wp\/v2\/types\/page"}],"author":[{"embeddable":true,"href":"https:\/\/baltic.be-ge.se\/sv\/wp-json\/wp\/v2\/users\/7"}],"replies":[{"embeddable":true,"href":"https:\/\/baltic.be-ge.se\/sv\/wp-json\/wp\/v2\/comments?post=11145"}],"version-history":[{"count":61,"href":"https:\/\/baltic.be-ge.se\/sv\/wp-json\/wp\/v2\/pages\/11145\/revisions"}],"predecessor-version":[{"id":13826,"href":"https:\/\/baltic.be-ge.se\/sv\/wp-json\/wp\/v2\/pages\/11145\/revisions\/13826"}],"wp:attachment":[{"href":"https:\/\/baltic.be-ge.se\/sv\/wp-json\/wp\/v2\/media?parent=11145"}],"curies":[{"name":"wp","href":"https:\/\/api.w.org\/{rel}","templated":true}]}}