{"id":11134,"date":"2022-05-31T15:10:17","date_gmt":"2022-05-31T13:10:17","guid":{"rendered":"http:\/\/baltic.be-ge.se\/?page_id=11134"},"modified":"2024-10-07T16:23:41","modified_gmt":"2024-10-07T14:23:41","slug":"about-the-company","status":"publish","type":"page","link":"https:\/\/baltic.be-ge.se\/sv\/about-the-company\/","title":{"rendered":"Om f\u00f6retaget"},"content":{"rendered":"<div data-elementor-type=\"wp-page\" data-elementor-id=\"11134\" class=\"elementor elementor-11134\" data-elementor-post-type=\"page\">\n\t\t\t\t\t\t<section class=\"elementor-section elementor-top-section elementor-element elementor-element-7753d145 elementor-section-boxed elementor-section-height-default elementor-section-height-default\" data-id=\"7753d145\" data-element_type=\"section\" data-e-type=\"section\">\n\t\t\t\t\t\t<div class=\"elementor-container elementor-column-gap-default\">\n\t\t\t\t\t<div class=\"elementor-column elementor-col-50 elementor-top-column elementor-element elementor-element-2f8a956\" data-id=\"2f8a956\" data-element_type=\"column\" data-e-type=\"column\">\n\t\t\t<div class=\"elementor-widget-wrap elementor-element-populated\">\n\t\t\t\t\t\t<div class=\"elementor-element elementor-element-1d47ed4e elementor-widget elementor-widget-heading\" data-id=\"1d47ed4e\" data-element_type=\"widget\" data-e-type=\"widget\" data-widget_type=\"heading.default\">\n\t\t\t\t<div class=\"elementor-widget-container\">\n\t\t\t\t\t<h1 class=\"elementor-heading-title elementor-size-large\">Om Be-Ge Baltic UAB<\/h1>\t\t\t\t<\/div>\n\t\t\t\t<\/div>\n\t\t\t\t\t<\/div>\n\t\t<\/div>\n\t\t\t\t<div class=\"elementor-column elementor-col-50 elementor-top-column elementor-element elementor-element-6fb601a2\" data-id=\"6fb601a2\" data-element_type=\"column\" data-e-type=\"column\">\n\t\t\t<div class=\"elementor-widget-wrap elementor-element-populated\">\n\t\t\t\t\t\t<div class=\"elementor-element elementor-element-32e24da7 elementor-widget elementor-widget-text-editor\" data-id=\"32e24da7\" data-element_type=\"widget\" data-e-type=\"widget\" data-widget_type=\"text-editor.default\">\n\t\t\t\t<div class=\"elementor-widget-container\">\n\t\t\t\t\t\t\t\t\tF\u00f6retaget etablerades 1995 som ett familjef\u00f6retag och har sedan 2002 varit en kvalificerad leverant\u00f6r till Be-Ge Industri AB i Sverige och Be-Ge Jany A\/S i Danmark. \u00c5r 2006 f\u00f6rv\u00e4rvade Be-Ge F\u00f6retagen AB 80 % av f\u00f6retagets aktier i det nybildade aktiebolaget UAB Be-Ge Amersanas.\n\n\t\t\t\t\t\t\t\t<\/div>\n\t\t\t\t<\/div>\n\t\t\t\t\t<\/div>\n\t\t<\/div>\n\t\t\t\t\t<\/div>\n\t\t<\/section>\n\t\t\t\t<section class=\"elementor-section elementor-top-section elementor-element elementor-element-43b2802e elementor-section-full_width elementor-section-height-min-height elementor-reverse-mobile elementor-section-height-default elementor-section-items-middle\" data-id=\"43b2802e\" data-element_type=\"section\" data-e-type=\"section\" data-settings=\"{&quot;background_background&quot;:&quot;classic&quot;}\">\n\t\t\t\t\t\t\t<div class=\"elementor-background-overlay\"><\/div>\n\t\t\t\t\t\t\t<div class=\"elementor-container elementor-column-gap-default\">\n\t\t\t\t\t<div class=\"elementor-column elementor-col-100 elementor-top-column elementor-element elementor-element-129fb0cb\" data-id=\"129fb0cb\" data-element_type=\"column\" data-e-type=\"column\">\n\t\t\t<div class=\"elementor-widget-wrap\">\n\t\t\t\t\t\t\t<\/div>\n\t\t<\/div>\n\t\t\t\t\t<\/div>\n\t\t<\/section>\n\t\t\t\t<section class=\"elementor-section elementor-top-section elementor-element elementor-element-6582938f elementor-section-boxed elementor-section-height-default elementor-section-height-default\" data-id=\"6582938f\" data-element_type=\"section\" data-e-type=\"section\">\n\t\t\t\t\t\t<div class=\"elementor-container elementor-column-gap-default\">\n\t\t\t\t\t<div class=\"elementor-column elementor-col-100 elementor-top-column elementor-element elementor-element-47cfa3a2\" data-id=\"47cfa3a2\" data-element_type=\"column\" data-e-type=\"column\">\n\t\t\t<div class=\"elementor-widget-wrap elementor-element-populated\">\n\t\t\t\t\t\t<div class=\"elementor-element elementor-element-42590b2d elementor-widget elementor-widget-heading\" data-id=\"42590b2d\" data-element_type=\"widget\" data-e-type=\"widget\" data-widget_type=\"heading.default\">\n\t\t\t\t<div class=\"elementor-widget-container\">\n\t\t\t\t\t<h2 class=\"elementor-heading-title elementor-size-large\">St\u00f6rre lokaler\n<\/h2>\t\t\t\t<\/div>\n\t\t\t\t<\/div>\n\t\t\t\t<div class=\"elementor-element elementor-element-6f7bd390 elementor-widget elementor-widget-text-editor\" data-id=\"6f7bd390\" data-element_type=\"widget\" data-e-type=\"widget\" data-widget_type=\"text-editor.default\">\n\t\t\t\t<div class=\"elementor-widget-container\">\n\t\t\t\t\t\t\t\t\tVerksamheten flyttades till en st\u00f6rre nybyggd lokal. Den f\u00f6rdubblade produktionsytan medf\u00f6r \u00f6kad kapacitet f\u00f6r s\u00e5v\u00e4l produktion och mallning, s\u00f6mnad, tillsk\u00e4rning och tapetsering och montering.\t\t\t\t\t\t\t\t<\/div>\n\t\t\t\t<\/div>\n\t\t\t\t<section class=\"elementor-section elementor-inner-section elementor-element elementor-element-78e33584 elementor-section-boxed elementor-section-height-default elementor-section-height-default\" data-id=\"78e33584\" data-element_type=\"section\" data-e-type=\"section\">\n\t\t\t\t\t\t<div class=\"elementor-container elementor-column-gap-wider\">\n\t\t\t\t\t<div class=\"elementor-column elementor-col-50 elementor-inner-column elementor-element elementor-element-39c03713\" data-id=\"39c03713\" data-element_type=\"column\" data-e-type=\"column\" data-settings=\"{&quot;background_background&quot;:&quot;classic&quot;}\">\n\t\t\t<div class=\"elementor-widget-wrap elementor-element-populated\">\n\t\t\t\t\t\t<div class=\"elementor-element elementor-element-7f47162d elementor-widget elementor-widget-image\" data-id=\"7f47162d\" data-element_type=\"widget\" data-e-type=\"widget\" data-widget_type=\"image.default\">\n\t\t\t\t<div class=\"elementor-widget-container\">\n\t\t\t\t\t\t\t\t\t\t\t\t\t\t\t<img fetchpriority=\"high\" decoding=\"async\" width=\"800\" height=\"533\" src=\"https:\/\/baltic.be-ge.se\/wp-content\/uploads\/2023\/05\/IMG_6088.webp\" class=\"attachment-large size-large wp-image-13352\" alt=\"\" srcset=\"https:\/\/baltic.be-ge.se\/wp-content\/uploads\/2023\/05\/IMG_6088.webp 900w, https:\/\/baltic.be-ge.se\/wp-content\/uploads\/2023\/05\/IMG_6088-300x200.webp 300w, https:\/\/baltic.be-ge.se\/wp-content\/uploads\/2023\/05\/IMG_6088-768x512.webp 768w, https:\/\/baltic.be-ge.se\/wp-content\/uploads\/2023\/05\/IMG_6088-18x12.webp 18w\" sizes=\"(max-width: 800px) 100vw, 800px\" \/>\t\t\t\t\t\t\t\t\t\t\t\t\t\t\t<\/div>\n\t\t\t\t<\/div>\n\t\t\t\t\t<\/div>\n\t\t<\/div>\n\t\t\t\t<div class=\"elementor-column elementor-col-50 elementor-inner-column elementor-element elementor-element-50b97b8b\" data-id=\"50b97b8b\" data-element_type=\"column\" data-e-type=\"column\" data-settings=\"{&quot;background_background&quot;:&quot;classic&quot;}\">\n\t\t\t<div class=\"elementor-widget-wrap elementor-element-populated\">\n\t\t\t\t\t\t<div class=\"elementor-element elementor-element-1df2fdf elementor-widget elementor-widget-image\" data-id=\"1df2fdf\" data-element_type=\"widget\" data-e-type=\"widget\" data-widget_type=\"image.default\">\n\t\t\t\t<div class=\"elementor-widget-container\">\n\t\t\t\t\t\t\t\t\t\t\t\t\t\t\t<img decoding=\"async\" width=\"800\" height=\"533\" src=\"https:\/\/baltic.be-ge.se\/wp-content\/uploads\/2023\/05\/RS495_IMG_5728.webp\" class=\"attachment-large size-large wp-image-13353\" alt=\"Be-Ge Baltic UAB building byggnad\" srcset=\"https:\/\/baltic.be-ge.se\/wp-content\/uploads\/2023\/05\/RS495_IMG_5728.webp 900w, https:\/\/baltic.be-ge.se\/wp-content\/uploads\/2023\/05\/RS495_IMG_5728-300x200.webp 300w, https:\/\/baltic.be-ge.se\/wp-content\/uploads\/2023\/05\/RS495_IMG_5728-768x512.webp 768w, https:\/\/baltic.be-ge.se\/wp-content\/uploads\/2023\/05\/RS495_IMG_5728-18x12.webp 18w\" sizes=\"(max-width: 800px) 100vw, 800px\" \/>\t\t\t\t\t\t\t\t\t\t\t\t\t\t\t<\/div>\n\t\t\t\t<\/div>\n\t\t\t\t\t<\/div>\n\t\t<\/div>\n\t\t\t\t\t<\/div>\n\t\t<\/section>\n\t\t\t\t\t<\/div>\n\t\t<\/div>\n\t\t\t\t\t<\/div>\n\t\t<\/section>\n\t\t\t\t<section class=\"elementor-section elementor-top-section elementor-element elementor-element-1df448be elementor-section-boxed elementor-section-height-default elementor-section-height-default\" data-id=\"1df448be\" data-element_type=\"section\" data-e-type=\"section\">\n\t\t\t\t\t\t<div class=\"elementor-container elementor-column-gap-wider\">\n\t\t\t\t\t<div class=\"elementor-column elementor-col-100 elementor-top-column elementor-element elementor-element-14c0cbc9\" data-id=\"14c0cbc9\" data-element_type=\"column\" data-e-type=\"column\">\n\t\t\t<div class=\"elementor-widget-wrap elementor-element-populated\">\n\t\t\t\t\t\t<div class=\"elementor-element elementor-element-6194cb69 elementor-widget elementor-widget-heading\" data-id=\"6194cb69\" data-element_type=\"widget\" data-e-type=\"widget\" data-widget_type=\"heading.default\">\n\t\t\t\t<div class=\"elementor-widget-container\">\n\t\t\t\t\t<h2 class=\"elementor-heading-title elementor-size-large\">2008<\/h2>\t\t\t\t<\/div>\n\t\t\t\t<\/div>\n\t\t\t\t<div class=\"elementor-element elementor-element-50c186ff elementor-widget elementor-widget-text-editor\" data-id=\"50c186ff\" data-element_type=\"widget\" data-e-type=\"widget\" data-widget_type=\"text-editor.default\">\n\t\t\t\t<div class=\"elementor-widget-container\">\n\t\t\t\t\t\t\t\t\t\u00c5r 2008 f\u00f6rv\u00e4rvade Be-Ge F\u00f6retagen AB resterande 20 % av aktierna i f\u00f6retaget och UAB Be-Ge Amersanas blev ett hel\u00e4gt dotterbolag till Be-Ge F\u00f6retagen AB. \u00c5r 2010 namn\u00e4ndrades f\u00f6retaget till Be-Ge Baltic UAB. Expansionen har varit kraftig de sista \u00e5ren. F\u00f6retaget har d\u00e4rf\u00f6r byggt en ny fabrik i n\u00e4rheten av den internationella hamnen i Klaip\u0117da.\t\t\t\t\t\t\t\t<\/div>\n\t\t\t\t<\/div>\n\t\t\t\t<div class=\"elementor-element elementor-element-7bd796d elementor-hidden-mobile elementor-widget elementor-widget-video\" data-id=\"7bd796d\" data-element_type=\"widget\" data-e-type=\"widget\" data-settings=\"{&quot;youtube_url&quot;:&quot;https:\\\/\\\/youtu.be\\\/ZsYBJkMa0eA&quot;,&quot;yt_privacy&quot;:&quot;yes&quot;,&quot;lazy_load&quot;:&quot;yes&quot;,&quot;video_type&quot;:&quot;youtube&quot;,&quot;controls&quot;:&quot;yes&quot;}\" data-widget_type=\"video.default\">\n\t\t\t\t<div class=\"elementor-widget-container\">\n\t\t\t\t\t\t\t<div class=\"elementor-wrapper elementor-open-inline\">\n\t\t\t<div class=\"elementor-video\"><\/div>\t\t<\/div>\n\t\t\t\t\t\t<\/div>\n\t\t\t\t<\/div>\n\t\t\t\t<div class=\"elementor-element elementor-element-99528fa elementor-widget elementor-widget-text-editor\" data-id=\"99528fa\" data-element_type=\"widget\" data-e-type=\"widget\" data-widget_type=\"text-editor.default\">\n\t\t\t\t<div class=\"elementor-widget-container\">\n\t\t\t\t\t\t\t\t\tVerksamheten best\u00e5r huvudsakligen av industriell s\u00f6mnad samt del- och slutmontering av komponenter p\u00e5 legouppdrag. F\u00f6retaget utf\u00f6r s\u00f6mnad av kl\u00e4dslar och \u00f6verdrag, tapetsering och montering av dynor f\u00f6r kunder inom tillverkningssektorerna fordonsstolar, kontors-, h\u00f6rsals-, publik- och bevakningsstolar, fordonsinredningar, rullstolar, m\u00f6bler, samt \u00f6vrig industriell verksamhet inom textilbranschen.\t\t\t\t\t\t\t\t<\/div>\n\t\t\t\t<\/div>\n\t\t\t\t<div class=\"elementor-element elementor-element-1201c94 elementor-widget elementor-widget-heading\" data-id=\"1201c94\" data-element_type=\"widget\" data-e-type=\"widget\" data-widget_type=\"heading.default\">\n\t\t\t\t<div class=\"elementor-widget-container\">\n\t\t\t\t\t<h2 class=\"elementor-heading-title elementor-size-default\">Kvalificerad personal<\/h2>\t\t\t\t<\/div>\n\t\t\t\t<\/div>\n\t\t\t\t<div class=\"elementor-element elementor-element-8912415 elementor-widget elementor-widget-text-editor\" data-id=\"8912415\" data-element_type=\"widget\" data-e-type=\"widget\" data-widget_type=\"text-editor.default\">\n\t\t\t\t<div class=\"elementor-widget-container\">\n\t\t\t\t\t\t\t\t\tKvalificerad personal, svensk- och engelsktalande f\u00f6retagsledning, samt l\u00e5g personaloms\u00e4ttning skapar f\u00f6ruts\u00e4ttningar till flexibel produktion, h\u00f6g kvalitet och h\u00f6g leveransprecision. F\u00f6retaget har f\u00f6r n\u00e4rvarande 98 anst\u00e4llda.\t\t\t\t\t\t\t\t<\/div>\n\t\t\t\t<\/div>\n\t\t\t\t\t<\/div>\n\t\t<\/div>\n\t\t\t\t\t<\/div>\n\t\t<\/section>\n\t\t\t\t<section class=\"elementor-section elementor-top-section elementor-element elementor-element-206ddd4 elementor-section-boxed elementor-section-height-default elementor-section-height-default\" data-id=\"206ddd4\" data-element_type=\"section\" data-e-type=\"section\" data-settings=\"{&quot;background_background&quot;:&quot;classic&quot;}\">\n\t\t\t\t\t\t<div class=\"elementor-container elementor-column-gap-default\">\n\t\t\t\t\t<div class=\"elementor-column elementor-col-100 elementor-top-column elementor-element elementor-element-bbf53e0\" data-id=\"bbf53e0\" data-element_type=\"column\" data-e-type=\"column\">\n\t\t\t<div class=\"elementor-widget-wrap elementor-element-populated\">\n\t\t\t\t\t\t<div class=\"elementor-element elementor-element-2e9bbd3 elementor-view-default elementor-widget elementor-widget-icon\" data-id=\"2e9bbd3\" data-element_type=\"widget\" data-e-type=\"widget\" data-widget_type=\"icon.default\">\n\t\t\t\t<div class=\"elementor-widget-container\">\n\t\t\t\t\t\t\t<div class=\"elementor-icon-wrapper\">\n\t\t\t<div class=\"elementor-icon\">\n\t\t\t<i aria-hidden=\"true\" class=\"fas fa-sync\"><\/i>\t\t\t<\/div>\n\t\t<\/div>\n\t\t\t\t\t\t<\/div>\n\t\t\t\t<\/div>\n\t\t\t\t<div class=\"elementor-element elementor-element-5725a60 elementor-widget elementor-widget-heading\" data-id=\"5725a60\" data-element_type=\"widget\" data-e-type=\"widget\" data-widget_type=\"heading.default\">\n\t\t\t\t<div class=\"elementor-widget-container\">\n\t\t\t\t\t<h2 class=\"elementor-heading-title elementor-size-default\">L\u00e5ngsiktiga kundrelationer<\/h2>\t\t\t\t<\/div>\n\t\t\t\t<\/div>\n\t\t\t\t<div class=\"elementor-element elementor-element-95084c6 elementor-widget elementor-widget-text-editor\" data-id=\"95084c6\" data-element_type=\"widget\" data-e-type=\"widget\" data-widget_type=\"text-editor.default\">\n\t\t\t\t<div class=\"elementor-widget-container\">\n\t\t\t\t\t\t\t\t\tStyrkor s\u00e5som finansiell stabilitet, erfarenhet och kunskap har inneburit l\u00e5ngsiktiga kundrelationer.\t\t\t\t\t\t\t\t<\/div>\n\t\t\t\t<\/div>\n\t\t\t\t\t<\/div>\n\t\t<\/div>\n\t\t\t\t\t<\/div>\n\t\t<\/section>\n\t\t\t\t<section class=\"elementor-section elementor-top-section elementor-element elementor-element-a778f4d elementor-section-boxed elementor-section-height-default elementor-section-height-default\" data-id=\"a778f4d\" data-element_type=\"section\" data-e-type=\"section\">\n\t\t\t\t\t\t<div class=\"elementor-container elementor-column-gap-default\">\n\t\t\t\t\t<div class=\"elementor-column elementor-col-100 elementor-top-column elementor-element elementor-element-8482205\" data-id=\"8482205\" data-element_type=\"column\" data-e-type=\"column\">\n\t\t\t<div class=\"elementor-widget-wrap elementor-element-populated\">\n\t\t\t\t\t\t<div class=\"elementor-element elementor-element-6af44a5 elementor-widget elementor-widget-spacer\" data-id=\"6af44a5\" data-element_type=\"widget\" data-e-type=\"widget\" data-widget_type=\"spacer.default\">\n\t\t\t\t<div class=\"elementor-widget-container\">\n\t\t\t\t\t\t\t<div class=\"elementor-spacer\">\n\t\t\t<div class=\"elementor-spacer-inner\"><\/div>\n\t\t<\/div>\n\t\t\t\t\t\t<\/div>\n\t\t\t\t<\/div>\n\t\t\t\t\t<\/div>\n\t\t<\/div>\n\t\t\t\t\t<\/div>\n\t\t<\/section>\n\t\t\t\t<section class=\"elementor-section elementor-top-section elementor-element elementor-element-1825c275 elementor-section-height-min-height elementor-section-stretched elementor-section-boxed elementor-section-height-default elementor-section-items-middle\" data-id=\"1825c275\" data-element_type=\"section\" data-e-type=\"section\" data-settings=\"{&quot;background_background&quot;:&quot;classic&quot;,&quot;stretch_section&quot;:&quot;section-stretched&quot;}\">\n\t\t\t\t\t\t<div class=\"elementor-container elementor-column-gap-default\">\n\t\t\t\t\t<div class=\"elementor-column elementor-col-100 elementor-top-column elementor-element elementor-element-6270ae32\" data-id=\"6270ae32\" data-element_type=\"column\" data-e-type=\"column\">\n\t\t\t<div class=\"elementor-widget-wrap\">\n\t\t\t\t\t\t\t<\/div>\n\t\t<\/div>\n\t\t\t\t\t<\/div>\n\t\t<\/section>\n\t\t\t\t<section class=\"elementor-section elementor-top-section elementor-element elementor-element-60a0588 elementor-section-boxed elementor-section-height-default elementor-section-height-default\" data-id=\"60a0588\" data-element_type=\"section\" data-e-type=\"section\">\n\t\t\t\t\t\t<div class=\"elementor-container elementor-column-gap-default\">\n\t\t\t\t\t<div class=\"elementor-column elementor-col-100 elementor-top-column elementor-element elementor-element-d1232a7\" data-id=\"d1232a7\" data-element_type=\"column\" data-e-type=\"column\">\n\t\t\t<div class=\"elementor-widget-wrap\">\n\t\t\t\t\t\t\t<\/div>\n\t\t<\/div>\n\t\t\t\t\t<\/div>\n\t\t<\/section>\n\t\t\t\t<\/div>","protected":false},"excerpt":{"rendered":"<p>About Be-Ge Baltic UAB The company was established in 1995 as a family business and in 2002 started cooperation with Be-Ge Industry AB in Sweden and Be-Ge Jany A\/S in Denmark, becoming a qualified supplier for these companies. In 2006 the Swedish holding company Be-Ge F\u00f6retagen AB acquired 80% of shares in the restructured Be-Ge [&hellip;]<\/p>\n","protected":false},"author":7,"featured_media":0,"parent":0,"menu_order":0,"comment_status":"closed","ping_status":"closed","template":"","meta":{"_acf_changed":false,"footnotes":""},"class_list":["post-11134","page","type-page","status-publish","hentry"],"acf":[],"_links":{"self":[{"href":"https:\/\/baltic.be-ge.se\/sv\/wp-json\/wp\/v2\/pages\/11134","targetHints":{"allow":["GET"]}}],"collection":[{"href":"https:\/\/baltic.be-ge.se\/sv\/wp-json\/wp\/v2\/pages"}],"about":[{"href":"https:\/\/baltic.be-ge.se\/sv\/wp-json\/wp\/v2\/types\/page"}],"author":[{"embeddable":true,"href":"https:\/\/baltic.be-ge.se\/sv\/wp-json\/wp\/v2\/users\/7"}],"replies":[{"embeddable":true,"href":"https:\/\/baltic.be-ge.se\/sv\/wp-json\/wp\/v2\/comments?post=11134"}],"version-history":[{"count":79,"href":"https:\/\/baltic.be-ge.se\/sv\/wp-json\/wp\/v2\/pages\/11134\/revisions"}],"predecessor-version":[{"id":13925,"href":"https:\/\/baltic.be-ge.se\/sv\/wp-json\/wp\/v2\/pages\/11134\/revisions\/13925"}],"wp:attachment":[{"href":"https:\/\/baltic.be-ge.se\/sv\/wp-json\/wp\/v2\/media?parent=11134"}],"curies":[{"name":"wp","href":"https:\/\/api.w.org\/{rel}","templated":true}]}}