{"id":14104,"date":"2025-06-03T08:41:29","date_gmt":"2025-06-03T06:41:29","guid":{"rendered":"https:\/\/baltic.be-ge.se\/?page_id=14104"},"modified":"2025-06-03T08:47:33","modified_gmt":"2025-06-03T06:47:33","slug":"code-of-conduct","status":"publish","type":"page","link":"https:\/\/baltic.be-ge.se\/lt\/code-of-conduct\/","title":{"rendered":"Elgesio kodeksas"},"content":{"rendered":"<div data-elementor-type=\"wp-page\" data-elementor-id=\"14104\" class=\"elementor elementor-14104\" data-elementor-post-type=\"page\">\n\t\t\t\t\t\t<section class=\"elementor-section elementor-top-section elementor-element elementor-element-3d876d58 elementor-section-boxed elementor-section-height-default elementor-section-height-default\" data-id=\"3d876d58\" data-element_type=\"section\" data-e-type=\"section\">\n\t\t\t\t\t\t<div class=\"elementor-container elementor-column-gap-default\">\n\t\t\t\t\t<div class=\"elementor-column elementor-col-50 elementor-top-column elementor-element elementor-element-3578ffa7\" data-id=\"3578ffa7\" data-element_type=\"column\" data-e-type=\"column\">\n\t\t\t<div class=\"elementor-widget-wrap elementor-element-populated\">\n\t\t\t\t\t\t<div class=\"elementor-element elementor-element-fd159e5 elementor-widget elementor-widget-heading\" data-id=\"fd159e5\" data-element_type=\"widget\" data-e-type=\"widget\" data-widget_type=\"heading.default\">\n\t\t\t\t<div class=\"elementor-widget-container\">\n\t\t\t\t\t<h1 class=\"elementor-heading-title elementor-size-large\">Elgesio kodeksas<\/h1>\t\t\t\t<\/div>\n\t\t\t\t<\/div>\n\t\t\t\t\t<\/div>\n\t\t<\/div>\n\t\t\t\t<div class=\"elementor-column elementor-col-50 elementor-top-column elementor-element elementor-element-4c72900a\" data-id=\"4c72900a\" data-element_type=\"column\" data-e-type=\"column\">\n\t\t\t<div class=\"elementor-widget-wrap elementor-element-populated\">\n\t\t\t\t\t\t<div class=\"elementor-element elementor-element-76bfd366 elementor-widget elementor-widget-text-editor\" data-id=\"76bfd366\" data-element_type=\"widget\" data-e-type=\"widget\" data-widget_type=\"text-editor.default\">\n\t\t\t\t<div class=\"elementor-widget-container\">\n\t\t\t\t\t\t\t\t\t<p>Be-Ge grup\u0117s istorija siekia daugiau nei 90 met\u0173. Nuo pat prad\u017ei\u0173 bendrov\u0117s reputacija buvo grind\u017eiama tam tikromis savyb\u0117mis ir pagrindin\u0117mis vertyb\u0117mis, i\u0161 kuri\u0173 viena svarbiausi\u0173 \u2013 asakomyb\u0117. M\u016bs\u0173 Elgesio kodeksas ir Tiek\u0117j\u0173 elgesio kodeksas apibr\u0117\u017eia reikalavimus, kuriuos Be-Ge grup\u0117 kelia, be kita ko, ir savo tiek\u0117jams, taip pat atspindi asmenin\u012f \u012fsipareigojim\u0105 prisiimti atsakomyb\u0119 u\u017e savo veiksmus.\u00a0<\/p>\t\t\t\t\t\t\t\t<\/div>\n\t\t\t\t<\/div>\n\t\t\t\t\t<\/div>\n\t\t<\/div>\n\t\t\t\t\t<\/div>\n\t\t<\/section>\n\t\t\t\t<section class=\"elementor-section elementor-top-section elementor-element elementor-element-21fce3e4 elementor-section-boxed elementor-section-height-default elementor-section-height-default\" data-id=\"21fce3e4\" data-element_type=\"section\" data-e-type=\"section\">\n\t\t\t\t\t\t<div class=\"elementor-container elementor-column-gap-default\">\n\t\t\t\t\t<div class=\"elementor-column elementor-col-50 elementor-top-column elementor-element elementor-element-52444a08\" data-id=\"52444a08\" data-element_type=\"column\" data-e-type=\"column\">\n\t\t\t<div class=\"elementor-widget-wrap elementor-element-populated\">\n\t\t\t\t\t\t<div class=\"elementor-element elementor-element-5ce2e36 elementor-widget elementor-widget-image\" data-id=\"5ce2e36\" data-element_type=\"widget\" data-e-type=\"widget\" data-widget_type=\"image.default\">\n\t\t\t\t<div class=\"elementor-widget-container\">\n\t\t\t\t\t\t\t\t\t\t\t\t\t\t\t\t<a href=\"https:\/\/issuu.com\/be-ge\/docs\/code_of_conduct_en_?fr=sMzY4NDg1NjM4ODA\" target=\"_blank\">\n\t\t\t\t\t\t\t<img fetchpriority=\"high\" decoding=\"async\" width=\"724\" height=\"1024\" src=\"https:\/\/baltic.be-ge.se\/wp-content\/uploads\/2025\/06\/code_of_conduct-kopiera-724x1024-1.webp\" class=\"attachment-large size-large wp-image-14107\" alt=\"\" srcset=\"https:\/\/baltic.be-ge.se\/wp-content\/uploads\/2025\/06\/code_of_conduct-kopiera-724x1024-1.webp 724w, https:\/\/baltic.be-ge.se\/wp-content\/uploads\/2025\/06\/code_of_conduct-kopiera-724x1024-1-212x300.webp 212w, https:\/\/baltic.be-ge.se\/wp-content\/uploads\/2025\/06\/code_of_conduct-kopiera-724x1024-1-8x12.webp 8w\" sizes=\"(max-width: 724px) 100vw, 724px\" \/>\t\t\t\t\t\t\t\t<\/a>\n\t\t\t\t\t\t\t\t\t\t\t\t\t\t\t<\/div>\n\t\t\t\t<\/div>\n\t\t\t\t<div class=\"elementor-element elementor-element-3f1418c6 elementor-widget elementor-widget-heading\" data-id=\"3f1418c6\" data-element_type=\"widget\" data-e-type=\"widget\" data-widget_type=\"heading.default\">\n\t\t\t\t<div class=\"elementor-widget-container\">\n\t\t\t\t\t<h2 class=\"elementor-heading-title elementor-size-large\">Elgesio kodeksas<\/h2>\t\t\t\t<\/div>\n\t\t\t\t<\/div>\n\t\t\t\t<div class=\"elementor-element elementor-element-20e14446 elementor-widget elementor-widget-text-editor\" data-id=\"20e14446\" data-element_type=\"widget\" data-e-type=\"widget\" data-widget_type=\"text-editor.default\">\n\t\t\t\t<div class=\"elementor-widget-container\">\n\t\t\t\t\t\t\t\t\t<p>Elgesio kodeksas nustato, kaip mes, Be-Ge grup\u0117je, s\u0105veikaujame su visu pasauliu ir kaip vykdome savo veikl\u0105 \u2013 eti\u0161kai ir laikydamiesi \u012fstatym\u0173.\u00a0<\/p>\t\t\t\t\t\t\t\t<\/div>\n\t\t\t\t<\/div>\n\t\t\t\t<section class=\"elementor-section elementor-inner-section elementor-element elementor-element-4d9d164d elementor-section-boxed elementor-section-height-default elementor-section-height-default\" data-id=\"4d9d164d\" data-element_type=\"section\" data-e-type=\"section\">\n\t\t\t\t\t\t<div class=\"elementor-container elementor-column-gap-wider\">\n\t\t\t\t\t<div class=\"elementor-column elementor-col-100 elementor-inner-column elementor-element elementor-element-654c15cf\" data-id=\"654c15cf\" data-element_type=\"column\" data-e-type=\"column\" data-settings=\"{&quot;background_background&quot;:&quot;classic&quot;}\">\n\t\t\t<div class=\"elementor-widget-wrap elementor-element-populated\">\n\t\t\t\t\t\t<div class=\"elementor-element elementor-element-1f5c083 elementor-align-justify elementor-widget elementor-widget-button\" data-id=\"1f5c083\" data-element_type=\"widget\" data-e-type=\"widget\" data-widget_type=\"button.default\">\n\t\t\t\t<div class=\"elementor-widget-container\">\n\t\t\t\t\t\t\t\t\t<div class=\"elementor-button-wrapper\">\n\t\t\t\t\t<a class=\"elementor-button elementor-button-link elementor-size-sm\" href=\"https:\/\/issuu.com\/be-ge\/docs\/code_of_conduct_en_?fr=sMzY4NDg1NjM4ODA\" target=\"_blank\">\n\t\t\t\t\t\t<span class=\"elementor-button-content-wrapper\">\n\t\t\t\t\t\t<span class=\"elementor-button-icon\">\n\t\t\t\t<i aria-hidden=\"true\" class=\"fas fa-external-link-alt\"><\/i>\t\t\t<\/span>\n\t\t\t\t\t\t\t\t\t<span class=\"elementor-button-text\">Skaityti \u010dia<\/span>\n\t\t\t\t\t<\/span>\n\t\t\t\t\t<\/a>\n\t\t\t\t<\/div>\n\t\t\t\t\t\t\t\t<\/div>\n\t\t\t\t<\/div>\n\t\t\t\t\t<\/div>\n\t\t<\/div>\n\t\t\t\t\t<\/div>\n\t\t<\/section>\n\t\t\t\t<section class=\"elementor-section elementor-inner-section elementor-element elementor-element-6eb55c3 elementor-section-boxed elementor-section-height-default elementor-section-height-default\" data-id=\"6eb55c3\" data-element_type=\"section\" data-e-type=\"section\">\n\t\t\t\t\t\t<div class=\"elementor-container elementor-column-gap-wider\">\n\t\t\t\t\t<div class=\"elementor-column elementor-col-100 elementor-inner-column elementor-element elementor-element-7f58b9f\" data-id=\"7f58b9f\" data-element_type=\"column\" data-e-type=\"column\" data-settings=\"{&quot;background_background&quot;:&quot;classic&quot;}\">\n\t\t\t<div class=\"elementor-widget-wrap elementor-element-populated\">\n\t\t\t\t\t\t<div class=\"elementor-element elementor-element-9594bb0 elementor-align-justify elementor-widget elementor-widget-button\" data-id=\"9594bb0\" data-element_type=\"widget\" data-e-type=\"widget\" data-widget_type=\"button.default\">\n\t\t\t\t<div class=\"elementor-widget-container\">\n\t\t\t\t\t\t\t\t\t<div class=\"elementor-button-wrapper\">\n\t\t\t\t\t<a class=\"elementor-button elementor-button-link elementor-size-sm\" href=\"https:\/\/media.be-ge.se\/?r=15562\" target=\"_blank\">\n\t\t\t\t\t\t<span class=\"elementor-button-content-wrapper\">\n\t\t\t\t\t\t<span class=\"elementor-button-icon\">\n\t\t\t\t<i aria-hidden=\"true\" class=\"fas fa-external-link-alt\"><\/i>\t\t\t<\/span>\n\t\t\t\t\t\t\t\t\t<span class=\"elementor-button-text\">Atsisi\u0173sti PDF formatu<\/span>\n\t\t\t\t\t<\/span>\n\t\t\t\t\t<\/a>\n\t\t\t\t<\/div>\n\t\t\t\t\t\t\t\t<\/div>\n\t\t\t\t<\/div>\n\t\t\t\t\t<\/div>\n\t\t<\/div>\n\t\t\t\t\t<\/div>\n\t\t<\/section>\n\t\t\t\t\t<\/div>\n\t\t<\/div>\n\t\t\t\t<div class=\"elementor-column elementor-col-50 elementor-top-column elementor-element elementor-element-8b0c4c5\" data-id=\"8b0c4c5\" data-element_type=\"column\" data-e-type=\"column\">\n\t\t\t<div class=\"elementor-widget-wrap elementor-element-populated\">\n\t\t\t\t\t\t<div class=\"elementor-element elementor-element-88008cc elementor-widget elementor-widget-image\" data-id=\"88008cc\" data-element_type=\"widget\" data-e-type=\"widget\" data-widget_type=\"image.default\">\n\t\t\t\t<div class=\"elementor-widget-container\">\n\t\t\t\t\t\t\t\t\t\t\t\t\t\t\t\t<a href=\"https:\/\/issuu.com\/be-ge\/docs\/supplier_code_of_conduct?fr=sYWFiZTg1Mzk4OTg\" target=\"_blank\">\n\t\t\t\t\t\t\t<img decoding=\"async\" width=\"724\" height=\"1024\" src=\"https:\/\/baltic.be-ge.se\/wp-content\/uploads\/2025\/06\/BE-GE-Supplier-Code-of-Conduct_2025_3-kopiera-724x1024-1.webp\" class=\"attachment-large size-large wp-image-14106\" alt=\"\" srcset=\"https:\/\/baltic.be-ge.se\/wp-content\/uploads\/2025\/06\/BE-GE-Supplier-Code-of-Conduct_2025_3-kopiera-724x1024-1.webp 724w, https:\/\/baltic.be-ge.se\/wp-content\/uploads\/2025\/06\/BE-GE-Supplier-Code-of-Conduct_2025_3-kopiera-724x1024-1-212x300.webp 212w, https:\/\/baltic.be-ge.se\/wp-content\/uploads\/2025\/06\/BE-GE-Supplier-Code-of-Conduct_2025_3-kopiera-724x1024-1-8x12.webp 8w\" sizes=\"(max-width: 724px) 100vw, 724px\" \/>\t\t\t\t\t\t\t\t<\/a>\n\t\t\t\t\t\t\t\t\t\t\t\t\t\t\t<\/div>\n\t\t\t\t<\/div>\n\t\t\t\t<div class=\"elementor-element elementor-element-3ecde87 elementor-widget elementor-widget-heading\" data-id=\"3ecde87\" data-element_type=\"widget\" data-e-type=\"widget\" data-widget_type=\"heading.default\">\n\t\t\t\t<div class=\"elementor-widget-container\">\n\t\t\t\t\t<h2 class=\"elementor-heading-title elementor-size-large\">Tiek\u0117j\u0173 elgesio kodeksas <\/h2>\t\t\t\t<\/div>\n\t\t\t\t<\/div>\n\t\t\t\t<div class=\"elementor-element elementor-element-d2af02c elementor-widget elementor-widget-text-editor\" data-id=\"d2af02c\" data-element_type=\"widget\" data-e-type=\"widget\" data-widget_type=\"text-editor.default\">\n\t\t\t\t<div class=\"elementor-widget-container\">\n\t\t\t\t\t\t\t\t\t<p>Be-Ge tiek\u0117j\u0173 elgesio kodeksas apibr\u0117\u017eia m\u016bs\u0173 verslo vykdymo principus ir l\u016bkes\u010dius, kuriuos keliame tiekimo grandinei. Kartu mes galime daryti poky\u010dius ir kurti ateit\u012f b\u016bsimoms kartoms.<\/p>\t\t\t\t\t\t\t\t<\/div>\n\t\t\t\t<\/div>\n\t\t\t\t<section class=\"elementor-section elementor-inner-section elementor-element elementor-element-6665c51 elementor-section-boxed elementor-section-height-default elementor-section-height-default\" data-id=\"6665c51\" data-element_type=\"section\" data-e-type=\"section\">\n\t\t\t\t\t\t<div class=\"elementor-container elementor-column-gap-wider\">\n\t\t\t\t\t<div class=\"elementor-column elementor-col-100 elementor-inner-column elementor-element elementor-element-6e0769b\" data-id=\"6e0769b\" data-element_type=\"column\" data-e-type=\"column\" data-settings=\"{&quot;background_background&quot;:&quot;classic&quot;}\">\n\t\t\t<div class=\"elementor-widget-wrap elementor-element-populated\">\n\t\t\t\t\t\t<div class=\"elementor-element elementor-element-65160ad elementor-align-justify elementor-widget elementor-widget-button\" data-id=\"65160ad\" data-element_type=\"widget\" data-e-type=\"widget\" data-widget_type=\"button.default\">\n\t\t\t\t<div class=\"elementor-widget-container\">\n\t\t\t\t\t\t\t\t\t<div class=\"elementor-button-wrapper\">\n\t\t\t\t\t<a class=\"elementor-button elementor-button-link elementor-size-sm\" href=\"https:\/\/issuu.com\/be-ge\/docs\/supplier_code_of_conduct?fr=sYWFiZTg1Mzk4OTg\" target=\"_blank\">\n\t\t\t\t\t\t<span class=\"elementor-button-content-wrapper\">\n\t\t\t\t\t\t<span class=\"elementor-button-icon\">\n\t\t\t\t<i aria-hidden=\"true\" class=\"fas fa-external-link-alt\"><\/i>\t\t\t<\/span>\n\t\t\t\t\t\t\t\t\t<span class=\"elementor-button-text\">Skaityti \u010dia<\/span>\n\t\t\t\t\t<\/span>\n\t\t\t\t\t<\/a>\n\t\t\t\t<\/div>\n\t\t\t\t\t\t\t\t<\/div>\n\t\t\t\t<\/div>\n\t\t\t\t\t<\/div>\n\t\t<\/div>\n\t\t\t\t\t<\/div>\n\t\t<\/section>\n\t\t\t\t<section class=\"elementor-section elementor-inner-section elementor-element elementor-element-2b604e4 elementor-section-boxed elementor-section-height-default elementor-section-height-default\" data-id=\"2b604e4\" data-element_type=\"section\" data-e-type=\"section\">\n\t\t\t\t\t\t<div class=\"elementor-container elementor-column-gap-wider\">\n\t\t\t\t\t<div class=\"elementor-column elementor-col-100 elementor-inner-column elementor-element elementor-element-74348a7\" data-id=\"74348a7\" data-element_type=\"column\" data-e-type=\"column\" data-settings=\"{&quot;background_background&quot;:&quot;classic&quot;}\">\n\t\t\t<div class=\"elementor-widget-wrap elementor-element-populated\">\n\t\t\t\t\t\t<div class=\"elementor-element elementor-element-eaff9b6 elementor-align-justify elementor-widget elementor-widget-button\" data-id=\"eaff9b6\" data-element_type=\"widget\" data-e-type=\"widget\" data-widget_type=\"button.default\">\n\t\t\t\t<div class=\"elementor-widget-container\">\n\t\t\t\t\t\t\t\t\t<div class=\"elementor-button-wrapper\">\n\t\t\t\t\t<a class=\"elementor-button elementor-button-link elementor-size-sm\" href=\"https:\/\/media.be-ge.se\/?r=15471\" target=\"_blank\">\n\t\t\t\t\t\t<span class=\"elementor-button-content-wrapper\">\n\t\t\t\t\t\t<span class=\"elementor-button-icon\">\n\t\t\t\t<i aria-hidden=\"true\" class=\"fas fa-external-link-alt\"><\/i>\t\t\t<\/span>\n\t\t\t\t\t\t\t\t\t<span class=\"elementor-button-text\">Atsisi\u0173sti PDF formatu<\/span>\n\t\t\t\t\t<\/span>\n\t\t\t\t\t<\/a>\n\t\t\t\t<\/div>\n\t\t\t\t\t\t\t\t<\/div>\n\t\t\t\t<\/div>\n\t\t\t\t\t<\/div>\n\t\t<\/div>\n\t\t\t\t\t<\/div>\n\t\t<\/section>\n\t\t\t\t\t<\/div>\n\t\t<\/div>\n\t\t\t\t\t<\/div>\n\t\t<\/section>\n\t\t\t\t<\/div>","protected":false},"excerpt":{"rendered":"<p>Code of Conduct The Be-Ge Group\u2019s history spans more than 90 years. Since the beginning, the company\u2019s reputation has been built up on specific qualities and core values, one of the most important of which is integrity. Our Code of Conduct and Supplier Code of Conduct outline the requirements that the Be-Ge Group places on [&hellip;]<\/p>\n","protected":false},"author":12,"featured_media":0,"parent":0,"menu_order":0,"comment_status":"closed","ping_status":"closed","template":"","meta":{"_acf_changed":false,"footnotes":""},"class_list":["post-14104","page","type-page","status-publish","hentry"],"acf":[],"_links":{"self":[{"href":"https:\/\/baltic.be-ge.se\/lt\/wp-json\/wp\/v2\/pages\/14104","targetHints":{"allow":["GET"]}}],"collection":[{"href":"https:\/\/baltic.be-ge.se\/lt\/wp-json\/wp\/v2\/pages"}],"about":[{"href":"https:\/\/baltic.be-ge.se\/lt\/wp-json\/wp\/v2\/types\/page"}],"author":[{"embeddable":true,"href":"https:\/\/baltic.be-ge.se\/lt\/wp-json\/wp\/v2\/users\/12"}],"replies":[{"embeddable":true,"href":"https:\/\/baltic.be-ge.se\/lt\/wp-json\/wp\/v2\/comments?post=14104"}],"version-history":[{"count":7,"href":"https:\/\/baltic.be-ge.se\/lt\/wp-json\/wp\/v2\/pages\/14104\/revisions"}],"predecessor-version":[{"id":14113,"href":"https:\/\/baltic.be-ge.se\/lt\/wp-json\/wp\/v2\/pages\/14104\/revisions\/14113"}],"wp:attachment":[{"href":"https:\/\/baltic.be-ge.se\/lt\/wp-json\/wp\/v2\/media?parent=14104"}],"curies":[{"name":"wp","href":"https:\/\/api.w.org\/{rel}","templated":true}]}}