{"id":11147,"date":"2022-05-31T15:14:27","date_gmt":"2022-05-31T13:14:27","guid":{"rendered":"http:\/\/baltic.be-ge.se\/?page_id=11147"},"modified":"2023-11-20T09:58:21","modified_gmt":"2023-11-20T08:58:21","slug":"upholstery-and-assembly","status":"publish","type":"page","link":"https:\/\/baltic.be-ge.se\/lt\/upholstery-and-assembly\/","title":{"rendered":"Aptraukimas ir montavimas"},"content":{"rendered":"<div data-elementor-type=\"wp-page\" data-elementor-id=\"11147\" class=\"elementor elementor-11147\" data-elementor-post-type=\"page\">\n\t\t\t\t\t\t<section class=\"elementor-section elementor-top-section elementor-element elementor-element-ffaf81 elementor-section-boxed elementor-section-height-default elementor-section-height-default\" data-id=\"ffaf81\" data-element_type=\"section\" data-e-type=\"section\">\n\t\t\t\t\t\t<div class=\"elementor-container elementor-column-gap-default\">\n\t\t\t\t\t<div class=\"elementor-column elementor-col-50 elementor-top-column elementor-element elementor-element-1059e6d3\" data-id=\"1059e6d3\" data-element_type=\"column\" data-e-type=\"column\">\n\t\t\t<div class=\"elementor-widget-wrap elementor-element-populated\">\n\t\t\t\t\t\t<div class=\"elementor-element elementor-element-28062c1e elementor-widget elementor-widget-heading\" data-id=\"28062c1e\" data-element_type=\"widget\" data-e-type=\"widget\" data-widget_type=\"heading.default\">\n\t\t\t\t<div class=\"elementor-widget-container\">\n\t\t\t\t\t<h1 class=\"elementor-heading-title elementor-size-large\">Aptraukimas ir montavimas<\/h1>\t\t\t\t<\/div>\n\t\t\t\t<\/div>\n\t\t\t\t\t<\/div>\n\t\t<\/div>\n\t\t\t\t<div class=\"elementor-column elementor-col-50 elementor-top-column elementor-element elementor-element-535e1286\" data-id=\"535e1286\" data-element_type=\"column\" data-e-type=\"column\">\n\t\t\t<div class=\"elementor-widget-wrap elementor-element-populated\">\n\t\t\t\t\t\t<div class=\"elementor-element elementor-element-659e4209 elementor-widget elementor-widget-text-editor\" data-id=\"659e4209\" data-element_type=\"widget\" data-e-type=\"widget\" data-widget_type=\"text-editor.default\">\n\t\t\t\t<div class=\"elementor-widget-container\">\n\t\t\t\t\t\t\t\t\tAptraukimas reikalauja gero \u017ealiav\u0173 ir naujausios darbo technikos i\u0161manymo. \u201eBe-Ge Baltic\u201c, UAB, turi didel\u0119 patirt\u012f auk\u0161tos kokyb\u0117s aptraukimo ir montavimo paslaug\u0173 srityje. Tokiam darbui reikalingas formos poj\u016btis, geb\u0117jimas matyti galutin\u012f rezultat\u0105. I\u0161naudodami savo \u017einias, profesionaliai dirbdami kuriame auk\u0161tesn\u0117s kokyb\u0117s paslaugas.\n\n\t\t\t\t\t\t\t\t<\/div>\n\t\t\t\t<\/div>\n\t\t\t\t\t<\/div>\n\t\t<\/div>\n\t\t\t\t\t<\/div>\n\t\t<\/section>\n\t\t\t\t<section class=\"elementor-section elementor-top-section elementor-element elementor-element-34c37453 elementor-section-full_width elementor-section-height-min-height elementor-section-height-default elementor-section-items-middle\" data-id=\"34c37453\" data-element_type=\"section\" data-e-type=\"section\" data-settings=\"{&quot;background_background&quot;:&quot;classic&quot;}\">\n\t\t\t\t\t\t\t<div class=\"elementor-background-overlay\"><\/div>\n\t\t\t\t\t\t\t<div class=\"elementor-container elementor-column-gap-default\">\n\t\t\t\t\t<div class=\"elementor-column elementor-col-100 elementor-top-column elementor-element elementor-element-5d6b3522\" data-id=\"5d6b3522\" data-element_type=\"column\" data-e-type=\"column\">\n\t\t\t<div class=\"elementor-widget-wrap elementor-element-populated\">\n\t\t\t\t\t\t<section class=\"elementor-section elementor-inner-section elementor-element elementor-element-64930ad6 elementor-section-boxed elementor-section-height-default elementor-section-height-default\" data-id=\"64930ad6\" data-element_type=\"section\" data-e-type=\"section\">\n\t\t\t\t\t\t<div class=\"elementor-container elementor-column-gap-default\">\n\t\t\t\t\t<div class=\"elementor-column elementor-col-100 elementor-inner-column elementor-element elementor-element-4006a21e\" data-id=\"4006a21e\" data-element_type=\"column\" data-e-type=\"column\">\n\t\t\t<div class=\"elementor-widget-wrap elementor-element-populated\">\n\t\t\t\t\t\t<div class=\"elementor-element elementor-element-38ed93e9 elementor-widget elementor-widget-heading\" data-id=\"38ed93e9\" data-element_type=\"widget\" data-e-type=\"widget\" data-widget_type=\"heading.default\">\n\t\t\t\t<div class=\"elementor-widget-container\">\n\t\t\t\t\t<h1 class=\"elementor-heading-title elementor-size-large\">Auk\u0161ta aptraukimo ir montavimo kokyb\u0117 <\/h1>\t\t\t\t<\/div>\n\t\t\t\t<\/div>\n\t\t\t\t\t<\/div>\n\t\t<\/div>\n\t\t\t\t\t<\/div>\n\t\t<\/section>\n\t\t\t\t\t<\/div>\n\t\t<\/div>\n\t\t\t\t\t<\/div>\n\t\t<\/section>\n\t\t\t\t<section class=\"elementor-section elementor-top-section elementor-element elementor-element-73b08005 elementor-section-boxed elementor-section-height-default elementor-section-height-default\" data-id=\"73b08005\" data-element_type=\"section\" data-e-type=\"section\">\n\t\t\t\t\t\t<div class=\"elementor-container elementor-column-gap-default\">\n\t\t\t\t\t<div class=\"elementor-column elementor-col-100 elementor-top-column elementor-element elementor-element-2ec5e5fb\" data-id=\"2ec5e5fb\" data-element_type=\"column\" data-e-type=\"column\">\n\t\t\t<div class=\"elementor-widget-wrap elementor-element-populated\">\n\t\t\t\t\t\t<div class=\"elementor-element elementor-element-791c93f elementor-widget elementor-widget-heading\" data-id=\"791c93f\" data-element_type=\"widget\" data-e-type=\"widget\" data-widget_type=\"heading.default\">\n\t\t\t\t<div class=\"elementor-widget-container\">\n\t\t\t\t\t<h2 class=\"elementor-heading-title elementor-size-small\">Vis\u0173 gamybos proces\u0173 i\u0161manymas<\/h2>\t\t\t\t<\/div>\n\t\t\t\t<\/div>\n\t\t\t\t<div class=\"elementor-element elementor-element-4ab018d1 elementor-widget elementor-widget-text-editor\" data-id=\"4ab018d1\" data-element_type=\"widget\" data-e-type=\"widget\" data-widget_type=\"text-editor.default\">\n\t\t\t\t<div class=\"elementor-widget-container\">\n\t\t\t\t\t\t\t\t\t<p>Pramon\u0117je dirbantys aptrauk\u0117jai da\u017enai prisideda ir prie nauj\u0173 modeli\u0173 k\u016brimo, tod\u0117l svarbu mok\u0117ti skaityti br\u0117\u017einius, dalyvauti tobulinant technin\u0119 gamybos proceso dal\u012f. Taip pat reikia suvokti viso darbo proceso eig\u0105 ir vertinti savo atliekam\u0105 darb\u0105 kaip didesnio u\u017edavinio dal\u012f. I\u0161naudodami savo \u017einias, profesionaliai dirbdami kuriame auk\u0161tesn\u0117s kokyb\u0117s paslaugas.<\/p>\t\t\t\t\t\t\t\t<\/div>\n\t\t\t\t<\/div>\n\t\t\t\t<section class=\"elementor-section elementor-inner-section elementor-element elementor-element-8151908 elementor-section-boxed elementor-section-height-default elementor-section-height-default\" data-id=\"8151908\" data-element_type=\"section\" data-e-type=\"section\">\n\t\t\t\t\t\t<div class=\"elementor-container elementor-column-gap-wider\">\n\t\t\t\t\t<div class=\"elementor-column elementor-col-50 elementor-inner-column elementor-element elementor-element-34b98d73\" data-id=\"34b98d73\" data-element_type=\"column\" data-e-type=\"column\" data-settings=\"{&quot;background_background&quot;:&quot;classic&quot;}\">\n\t\t\t<div class=\"elementor-widget-wrap elementor-element-populated\">\n\t\t\t\t\t\t<div class=\"elementor-element elementor-element-56fa0ad1 elementor-widget elementor-widget-image\" data-id=\"56fa0ad1\" data-element_type=\"widget\" data-e-type=\"widget\" data-widget_type=\"image.default\">\n\t\t\t\t<div class=\"elementor-widget-container\">\n\t\t\t\t\t\t\t\t\t\t\t\t\t\t\t<img fetchpriority=\"high\" decoding=\"async\" width=\"900\" height=\"1350\" src=\"https:\/\/baltic.be-ge.se\/wp-content\/uploads\/2023\/05\/DSC03765k_.webp\" class=\"attachment-full size-full wp-image-13400\" alt=\"u\u017evalkalai\/ kl\u00e4dslar\/ upholstery \/ aptraukimas\/ tapetsering\/ upholstering\" srcset=\"https:\/\/baltic.be-ge.se\/wp-content\/uploads\/2023\/05\/DSC03765k_.webp 900w, https:\/\/baltic.be-ge.se\/wp-content\/uploads\/2023\/05\/DSC03765k_-200x300.webp 200w, https:\/\/baltic.be-ge.se\/wp-content\/uploads\/2023\/05\/DSC03765k_-683x1024.webp 683w, https:\/\/baltic.be-ge.se\/wp-content\/uploads\/2023\/05\/DSC03765k_-768x1152.webp 768w, https:\/\/baltic.be-ge.se\/wp-content\/uploads\/2023\/05\/DSC03765k_-8x12.webp 8w\" sizes=\"(max-width: 900px) 100vw, 900px\" \/>\t\t\t\t\t\t\t\t\t\t\t\t\t\t\t<\/div>\n\t\t\t\t<\/div>\n\t\t\t\t\t<\/div>\n\t\t<\/div>\n\t\t\t\t<div class=\"elementor-column elementor-col-50 elementor-inner-column elementor-element elementor-element-7b536fe0\" data-id=\"7b536fe0\" data-element_type=\"column\" data-e-type=\"column\" data-settings=\"{&quot;background_background&quot;:&quot;classic&quot;}\">\n\t\t\t<div class=\"elementor-widget-wrap elementor-element-populated\">\n\t\t\t\t\t\t<div class=\"elementor-element elementor-element-44e64e2f elementor-widget elementor-widget-image\" data-id=\"44e64e2f\" data-element_type=\"widget\" data-e-type=\"widget\" data-widget_type=\"image.default\">\n\t\t\t\t<div class=\"elementor-widget-container\">\n\t\t\t\t\t\t\t\t\t\t\t\t\t\t\t<img decoding=\"async\" width=\"683\" height=\"1024\" src=\"https:\/\/baltic.be-ge.se\/wp-content\/uploads\/2023\/05\/IMG_5951-683x1024.webp\" class=\"attachment-large size-large wp-image-13401\" alt=\"mink\u0161tos bald\u0173 dalys\/ dynor\/ furniture cushions\" srcset=\"https:\/\/baltic.be-ge.se\/wp-content\/uploads\/2023\/05\/IMG_5951-683x1024.webp 683w, https:\/\/baltic.be-ge.se\/wp-content\/uploads\/2023\/05\/IMG_5951-200x300.webp 200w, https:\/\/baltic.be-ge.se\/wp-content\/uploads\/2023\/05\/IMG_5951-768x1152.webp 768w, https:\/\/baltic.be-ge.se\/wp-content\/uploads\/2023\/05\/IMG_5951-8x12.webp 8w, https:\/\/baltic.be-ge.se\/wp-content\/uploads\/2023\/05\/IMG_5951.webp 900w\" sizes=\"(max-width: 683px) 100vw, 683px\" \/>\t\t\t\t\t\t\t\t\t\t\t\t\t\t\t<\/div>\n\t\t\t\t<\/div>\n\t\t\t\t\t<\/div>\n\t\t<\/div>\n\t\t\t\t\t<\/div>\n\t\t<\/section>\n\t\t\t\t\t<\/div>\n\t\t<\/div>\n\t\t\t\t\t<\/div>\n\t\t<\/section>\n\t\t\t\t<section class=\"elementor-section elementor-top-section elementor-element elementor-element-5af1292 elementor-section-boxed elementor-section-height-default elementor-section-height-default\" data-id=\"5af1292\" data-element_type=\"section\" data-e-type=\"section\" data-settings=\"{&quot;background_background&quot;:&quot;classic&quot;}\">\n\t\t\t\t\t\t<div class=\"elementor-container elementor-column-gap-default\">\n\t\t\t\t\t<div class=\"elementor-column elementor-col-100 elementor-top-column elementor-element elementor-element-bb5e084\" data-id=\"bb5e084\" data-element_type=\"column\" data-e-type=\"column\">\n\t\t\t<div class=\"elementor-widget-wrap elementor-element-populated\">\n\t\t\t\t\t\t<div class=\"elementor-element elementor-element-86b830a elementor-widget elementor-widget-heading\" data-id=\"86b830a\" data-element_type=\"widget\" data-e-type=\"widget\" data-widget_type=\"heading.default\">\n\t\t\t\t<div class=\"elementor-widget-container\">\n\t\t\t\t\t<h2 class=\"elementor-heading-title elementor-size-large\">Ilgalaik\u0117 \u012fmon\u0117s strategija\n<\/h2>\t\t\t\t<\/div>\n\t\t\t\t<\/div>\n\t\t\t\t<div class=\"elementor-element elementor-element-23f674fd elementor-widget elementor-widget-text-editor\" data-id=\"23f674fd\" data-element_type=\"widget\" data-e-type=\"widget\" data-widget_type=\"text-editor.default\">\n\t\t\t\t<div class=\"elementor-widget-container\">\n\t\t\t\t\t\t\t\t\tIlgalaikio strateginio \u012fmon\u0117s vystymo kelyje \u017eengtas dar vienas \u017eingsnis \u2013 puikiai i\u0161vystytos siuvimo paslaugos papildytos platesn\u0117s apimties aptraukimo ir montavimo paslaugomis.\t\t\t\t\t\t\t\t<\/div>\n\t\t\t\t<\/div>\n\t\t\t\t\t<\/div>\n\t\t<\/div>\n\t\t\t\t\t<\/div>\n\t\t<\/section>\n\t\t\t\t<section class=\"elementor-section elementor-top-section elementor-element elementor-element-068019f elementor-section-boxed elementor-section-height-default elementor-section-height-default\" data-id=\"068019f\" data-element_type=\"section\" data-e-type=\"section\" data-settings=\"{&quot;background_background&quot;:&quot;classic&quot;}\">\n\t\t\t\t\t\t<div class=\"elementor-container elementor-column-gap-default\">\n\t\t\t\t\t<div class=\"elementor-column elementor-col-50 elementor-top-column elementor-element elementor-element-d5b654d\" data-id=\"d5b654d\" data-element_type=\"column\" data-e-type=\"column\">\n\t\t\t<div class=\"elementor-widget-wrap elementor-element-populated\">\n\t\t\t\t\t\t<div class=\"elementor-element elementor-element-1aae230 elementor-widget elementor-widget-image\" data-id=\"1aae230\" data-element_type=\"widget\" data-e-type=\"widget\" data-widget_type=\"image.default\">\n\t\t\t\t<div class=\"elementor-widget-container\">\n\t\t\t\t\t\t\t\t\t\t\t\t\t\t\t<img decoding=\"async\" width=\"800\" height=\"533\" src=\"https:\/\/baltic.be-ge.se\/wp-content\/uploads\/2023\/05\/Step-4_upholstery.webp\" class=\"attachment-large size-large wp-image-13404\" alt=\"aptraukimas\/ tapetsering\/ upholstering \/ mink\u0161tos bald\u0173 dalys\/ dynor\/ furniture cushions\" srcset=\"https:\/\/baltic.be-ge.se\/wp-content\/uploads\/2023\/05\/Step-4_upholstery.webp 1000w, https:\/\/baltic.be-ge.se\/wp-content\/uploads\/2023\/05\/Step-4_upholstery-300x200.webp 300w, https:\/\/baltic.be-ge.se\/wp-content\/uploads\/2023\/05\/Step-4_upholstery-768x511.webp 768w, https:\/\/baltic.be-ge.se\/wp-content\/uploads\/2023\/05\/Step-4_upholstery-18x12.webp 18w\" sizes=\"(max-width: 800px) 100vw, 800px\" \/>\t\t\t\t\t\t\t\t\t\t\t\t\t\t\t<\/div>\n\t\t\t\t<\/div>\n\t\t\t\t\t<\/div>\n\t\t<\/div>\n\t\t\t\t<div class=\"elementor-column elementor-col-50 elementor-top-column elementor-element elementor-element-329529c\" data-id=\"329529c\" data-element_type=\"column\" data-e-type=\"column\">\n\t\t\t<div class=\"elementor-widget-wrap elementor-element-populated\">\n\t\t\t\t\t\t<div class=\"elementor-element elementor-element-de40e3e elementor-widget elementor-widget-image\" data-id=\"de40e3e\" data-element_type=\"widget\" data-e-type=\"widget\" data-widget_type=\"image.default\">\n\t\t\t\t<div class=\"elementor-widget-container\">\n\t\t\t\t\t\t\t\t\t\t\t\t\t\t\t<img loading=\"lazy\" decoding=\"async\" width=\"800\" height=\"533\" src=\"https:\/\/baltic.be-ge.se\/wp-content\/uploads\/2023\/05\/IMG_7301.webp\" class=\"attachment-large size-large wp-image-13405\" alt=\"aptraukimas\/ tapetsering\/ upholstering \/ u\u017evalkalai\/ kl\u00e4dslar\/ upholstery \/ apmu\u0161alai\/ \u00f6verdragskl\u00e4dslar\/ slipcover\" srcset=\"https:\/\/baltic.be-ge.se\/wp-content\/uploads\/2023\/05\/IMG_7301.webp 1000w, https:\/\/baltic.be-ge.se\/wp-content\/uploads\/2023\/05\/IMG_7301-300x200.webp 300w, https:\/\/baltic.be-ge.se\/wp-content\/uploads\/2023\/05\/IMG_7301-768x511.webp 768w, https:\/\/baltic.be-ge.se\/wp-content\/uploads\/2023\/05\/IMG_7301-18x12.webp 18w\" sizes=\"(max-width: 800px) 100vw, 800px\" \/>\t\t\t\t\t\t\t\t\t\t\t\t\t\t\t<\/div>\n\t\t\t\t<\/div>\n\t\t\t\t\t<\/div>\n\t\t<\/div>\n\t\t\t\t\t<\/div>\n\t\t<\/section>\n\t\t\t\t<section class=\"elementor-section elementor-top-section elementor-element elementor-element-459483a2 elementor-section-boxed elementor-section-height-default elementor-section-height-default\" data-id=\"459483a2\" data-element_type=\"section\" data-e-type=\"section\">\n\t\t\t\t\t\t<div class=\"elementor-container elementor-column-gap-default\">\n\t\t\t\t\t<div class=\"elementor-column elementor-col-100 elementor-top-column elementor-element elementor-element-5efa0d40\" data-id=\"5efa0d40\" data-element_type=\"column\" data-e-type=\"column\">\n\t\t\t<div class=\"elementor-widget-wrap elementor-element-populated\">\n\t\t\t\t\t\t<div class=\"elementor-element elementor-element-1b9804d elementor-cta--skin-cover elementor-animated-content elementor-bg-transform elementor-bg-transform-zoom-in elementor-widget elementor-widget-call-to-action\" data-id=\"1b9804d\" data-element_type=\"widget\" data-e-type=\"widget\" data-widget_type=\"call-to-action.default\">\n\t\t\t\t<div class=\"elementor-widget-container\">\n\t\t\t\t\t\t\t<div class=\"elementor-cta\">\n\t\t\t\t\t<div class=\"elementor-cta__bg-wrapper\">\n\t\t\t\t<div class=\"elementor-cta__bg elementor-bg\" style=\"background-image: url(https:\/\/baltic.be-ge.se\/wp-content\/uploads\/2023\/05\/IMG_1625-1_.webp);\" role=\"img\" aria-label=\"aptraukimas\/ tapetsering\/ upholstering \/ u\u017evalkalai\/ kl\u00e4dslar\/ upholstery\"><\/div>\n\t\t\t\t<div class=\"elementor-cta__bg-overlay\"><\/div>\n\t\t\t<\/div>\n\t\t\t\t\t\t\t<div class=\"elementor-cta__content\">\n\t\t\t\t\n\t\t\t\t\t\t\t\t\t<h2 class=\"elementor-cta__title elementor-cta__content-item elementor-content-item elementor-animated-item--grow\">\n\t\t\t\t\t\tAptraukia ir montuoja mink\u0161t\u0105sias dalis\t\t\t\t\t<\/h2>\n\t\t\t\t\n\t\t\t\t\t\t\t\t\t<div class=\"elementor-cta__description elementor-cta__content-item elementor-content-item elementor-animated-item--grow\">\n\t\t\t\t\t\t\u201eBe-Ge Baltic\u201c, UAB, aptraukia ir montuoja mink\u0161t\u0105sias dalis, skirtas transporto priemoni\u0173 s\u0117dyn\u0117ms, biuro ir pramonin\u0117ms k\u0117d\u0117ms, konferencij\u0173, auditorij\u0173 k\u0117d\u0117ms, ne\u012fgali\u0173j\u0173 ve\u017eim\u0117liams, baldams bei atlieka dalin\u012f ir galutin\u012f komponent\u0173 montavim\u0105 pagal klient\u0173 u\u017esakymus. ei turite klausim\u0173 ir pageidaujate daugiau informacijos,\t\t\t\t\t<\/div>\n\t\t\t\t\n\t\t\t\t\t\t\t\t\t<div class=\"elementor-cta__button-wrapper elementor-cta__content-item elementor-content-item elementor-animated-item--grow\">\n\t\t\t\t\t<a class=\"elementor-cta__button elementor-button elementor-size-\" href=\"\/lt\/contact\/\">\n\t\t\t\t\t\tKreipkit\u0117s \u012f mus\t\t\t\t\t<\/a>\n\t\t\t\t\t<\/div>\n\t\t\t\t\t\t\t<\/div>\n\t\t\t\t\t\t<\/div>\n\t\t\t\t\t\t<\/div>\n\t\t\t\t<\/div>\n\t\t\t\t\t<\/div>\n\t\t<\/div>\n\t\t\t\t\t<\/div>\n\t\t<\/section>\n\t\t\t\t<section class=\"elementor-section elementor-top-section elementor-element elementor-element-1274f9d elementor-section-boxed elementor-section-height-default elementor-section-height-default\" data-id=\"1274f9d\" data-element_type=\"section\" data-e-type=\"section\">\n\t\t\t\t\t\t<div class=\"elementor-container elementor-column-gap-default\">\n\t\t\t\t\t<div class=\"elementor-column elementor-col-100 elementor-top-column elementor-element elementor-element-13de848\" data-id=\"13de848\" data-element_type=\"column\" data-e-type=\"column\">\n\t\t\t<div class=\"elementor-widget-wrap\">\n\t\t\t\t\t\t\t<\/div>\n\t\t<\/div>\n\t\t\t\t\t<\/div>\n\t\t<\/section>\n\t\t\t\t<\/div>","protected":false},"excerpt":{"rendered":"<p>Upholstery and assembly Upholstery requires perfect knowledge in raw materials and sophisticated techniques. Be-Ge Baltic UAB has long experience that provides high quality of upholstery and assembly. One needs to feel, shape and to have ability to see the final result for such work. With our high knowledge and professional employees we can provide better [&hellip;]<\/p>\n","protected":false},"author":7,"featured_media":0,"parent":0,"menu_order":0,"comment_status":"closed","ping_status":"closed","template":"","meta":{"_acf_changed":false,"footnotes":""},"class_list":["post-11147","page","type-page","status-publish","hentry"],"acf":[],"_links":{"self":[{"href":"https:\/\/baltic.be-ge.se\/lt\/wp-json\/wp\/v2\/pages\/11147","targetHints":{"allow":["GET"]}}],"collection":[{"href":"https:\/\/baltic.be-ge.se\/lt\/wp-json\/wp\/v2\/pages"}],"about":[{"href":"https:\/\/baltic.be-ge.se\/lt\/wp-json\/wp\/v2\/types\/page"}],"author":[{"embeddable":true,"href":"https:\/\/baltic.be-ge.se\/lt\/wp-json\/wp\/v2\/users\/7"}],"replies":[{"embeddable":true,"href":"https:\/\/baltic.be-ge.se\/lt\/wp-json\/wp\/v2\/comments?post=11147"}],"version-history":[{"count":103,"href":"https:\/\/baltic.be-ge.se\/lt\/wp-json\/wp\/v2\/pages\/11147\/revisions"}],"predecessor-version":[{"id":13656,"href":"https:\/\/baltic.be-ge.se\/lt\/wp-json\/wp\/v2\/pages\/11147\/revisions\/13656"}],"wp:attachment":[{"href":"https:\/\/baltic.be-ge.se\/lt\/wp-json\/wp\/v2\/media?parent=11147"}],"curies":[{"name":"wp","href":"https:\/\/api.w.org\/{rel}","templated":true}]}}