{"id":11145,"date":"2022-05-31T15:13:48","date_gmt":"2022-05-31T13:13:48","guid":{"rendered":"http:\/\/baltic.be-ge.se\/?page_id=11145"},"modified":"2024-05-30T13:30:00","modified_gmt":"2024-05-30T11:30:00","slug":"industrial-sewing","status":"publish","type":"page","link":"https:\/\/baltic.be-ge.se\/lt\/industrial-sewing\/","title":{"rendered":"Pramoninis siuvimas"},"content":{"rendered":"<div data-elementor-type=\"wp-page\" data-elementor-id=\"11145\" class=\"elementor elementor-11145\" data-elementor-post-type=\"page\">\n\t\t\t\t\t\t<section class=\"elementor-section elementor-top-section elementor-element elementor-element-c41970d elementor-section-boxed elementor-section-height-default elementor-section-height-default\" data-id=\"c41970d\" data-element_type=\"section\" data-e-type=\"section\">\n\t\t\t\t\t\t<div class=\"elementor-container elementor-column-gap-default\">\n\t\t\t\t\t<div class=\"elementor-column elementor-col-50 elementor-top-column elementor-element elementor-element-4ebd13a7\" data-id=\"4ebd13a7\" data-element_type=\"column\" data-e-type=\"column\">\n\t\t\t<div class=\"elementor-widget-wrap elementor-element-populated\">\n\t\t\t\t\t\t<div class=\"elementor-element elementor-element-3c059ede elementor-widget elementor-widget-heading\" data-id=\"3c059ede\" data-element_type=\"widget\" data-e-type=\"widget\" data-widget_type=\"heading.default\">\n\t\t\t\t<div class=\"elementor-widget-container\">\n\t\t\t\t\t<h1 class=\"elementor-heading-title elementor-size-large\">Pramoninis siuvimas<\/h1>\t\t\t\t<\/div>\n\t\t\t\t<\/div>\n\t\t\t\t\t<\/div>\n\t\t<\/div>\n\t\t\t\t<div class=\"elementor-column elementor-col-50 elementor-top-column elementor-element elementor-element-ed9d05f\" data-id=\"ed9d05f\" data-element_type=\"column\" data-e-type=\"column\">\n\t\t\t<div class=\"elementor-widget-wrap elementor-element-populated\">\n\t\t\t\t\t\t<div class=\"elementor-element elementor-element-23313a47 elementor-widget elementor-widget-text-editor\" data-id=\"23313a47\" data-element_type=\"widget\" data-e-type=\"widget\" data-widget_type=\"text-editor.default\">\n\t\t\t\t<div class=\"elementor-widget-container\">\n\t\t\t\t\t\t\t\t\tPramoninis siuvimas yra pagrindin\u0117 \u201eBe-Ge Baltic\u201c, UAB, veiklos sritis. \u012emon\u0117 specializuojasi si\u016bti \u0161iek tiek sunkesnius audinius, kurie naudojami sunkve\u017eimi\u0173, traukini\u0173, autobus\u0173, laiv\u0173, biuro ir pramonini\u0173 k\u0117d\u017ei\u0173, auditorij\u0173 k\u0117d\u017ei\u0173, ne\u012fgali\u0173j\u0173 ve\u017eim\u0117li\u0173 gamybai, mink\u0161tiems baldams ir kitiems pramoniniams gaminiams.\n\n\t\t\t\t\t\t\t\t<\/div>\n\t\t\t\t<\/div>\n\t\t\t\t\t<\/div>\n\t\t<\/div>\n\t\t\t\t\t<\/div>\n\t\t<\/section>\n\t\t\t\t<section class=\"elementor-section elementor-top-section elementor-element elementor-element-3d70cbdc elementor-section-full_width elementor-section-height-min-height elementor-section-height-default elementor-section-items-middle\" data-id=\"3d70cbdc\" data-element_type=\"section\" data-e-type=\"section\" data-settings=\"{&quot;background_background&quot;:&quot;classic&quot;}\">\n\t\t\t\t\t\t\t<div class=\"elementor-background-overlay\"><\/div>\n\t\t\t\t\t\t\t<div class=\"elementor-container elementor-column-gap-default\">\n\t\t\t\t\t<div class=\"elementor-column elementor-col-100 elementor-top-column elementor-element elementor-element-7eeff551\" data-id=\"7eeff551\" data-element_type=\"column\" data-e-type=\"column\">\n\t\t\t<div class=\"elementor-widget-wrap elementor-element-populated\">\n\t\t\t\t\t\t<section class=\"elementor-section elementor-inner-section elementor-element elementor-element-20802603 elementor-section-boxed elementor-section-height-default elementor-section-height-default\" data-id=\"20802603\" data-element_type=\"section\" data-e-type=\"section\">\n\t\t\t\t\t\t<div class=\"elementor-container elementor-column-gap-default\">\n\t\t\t\t\t<div class=\"elementor-column elementor-col-100 elementor-inner-column elementor-element elementor-element-3887c0c\" data-id=\"3887c0c\" data-element_type=\"column\" data-e-type=\"column\">\n\t\t\t<div class=\"elementor-widget-wrap elementor-element-populated\">\n\t\t\t\t\t\t<div class=\"elementor-element elementor-element-6768fdb8 elementor-widget elementor-widget-heading\" data-id=\"6768fdb8\" data-element_type=\"widget\" data-e-type=\"widget\" data-widget_type=\"heading.default\">\n\t\t\t\t<div class=\"elementor-widget-container\">\n\t\t\t\t\t<h1 class=\"elementor-heading-title elementor-size-large\">Industrinis siuvimas yra m\u016bs\u0173 pagrindin\u0117 veiklos sritis<\/h1>\t\t\t\t<\/div>\n\t\t\t\t<\/div>\n\t\t\t\t\t<\/div>\n\t\t<\/div>\n\t\t\t\t\t<\/div>\n\t\t<\/section>\n\t\t\t\t\t<\/div>\n\t\t<\/div>\n\t\t\t\t\t<\/div>\n\t\t<\/section>\n\t\t\t\t<section class=\"elementor-section elementor-top-section elementor-element elementor-element-7772ce03 elementor-section-boxed elementor-section-height-default elementor-section-height-default\" data-id=\"7772ce03\" data-element_type=\"section\" data-e-type=\"section\">\n\t\t\t\t\t\t<div class=\"elementor-container elementor-column-gap-default\">\n\t\t\t\t\t<div class=\"elementor-column elementor-col-100 elementor-top-column elementor-element elementor-element-3f2f5f20\" data-id=\"3f2f5f20\" data-element_type=\"column\" data-e-type=\"column\">\n\t\t\t<div class=\"elementor-widget-wrap elementor-element-populated\">\n\t\t\t\t\t\t<div class=\"elementor-element elementor-element-3e23f29b elementor-widget elementor-widget-heading\" data-id=\"3e23f29b\" data-element_type=\"widget\" data-e-type=\"widget\" data-widget_type=\"heading.default\">\n\t\t\t\t<div class=\"elementor-widget-container\">\n\t\t\t\t\t<h2 class=\"elementor-heading-title elementor-size-large\">Sukauptas auk\u0161to lygio \u012frengini\u0173 parkas<\/h2>\t\t\t\t<\/div>\n\t\t\t\t<\/div>\n\t\t\t\t<div class=\"elementor-element elementor-element-2d317e62 elementor-widget elementor-widget-text-editor\" data-id=\"2d317e62\" data-element_type=\"widget\" data-e-type=\"widget\" data-widget_type=\"text-editor.default\">\n\t\t\t\t<div class=\"elementor-widget-container\">\n\t\t\t\t\t\t\t\t\t<p>\u201eBe-Ge Baltic\u201c, UAB, sukauptas auk\u0161to lygio \u012frengini\u0173 parkas: turime dvigubo ir trigubo transportavimo siuvimo ma\u0161in\u0173, tinkam\u0173 vinilui, odai, laminuotiems ir kitiems sunkesniems audiniams, pramonini\u0173 overlok\u0173, \u012fvairi\u0173 dviada\u010di\u0173, ma\u0161in\u0173 su kolon\u0117l\u0117mis, grandininio dygsnio, apkantavimo ir kit\u0173 specialiai pritaikyt\u0173 \u017eymi\u0173 gamintoj\u0173 siuvimo ma\u0161in\u0173 (Mauser Spezial, Pegasus, Unicorn, D\u00fcrkopp Adler, Pfaff, Juki ir kt.). Tod\u0117l \u012fmon\u0117 gali pasi\u016blyti plat\u0173 efektyvi\u0173 siuvimo paslaug\u0173 spektr\u0105.<\/p>\t\t\t\t\t\t\t\t<\/div>\n\t\t\t\t<\/div>\n\t\t\t\t<section class=\"elementor-section elementor-inner-section elementor-element elementor-element-2b4a98ef elementor-section-boxed elementor-section-height-default elementor-section-height-default\" data-id=\"2b4a98ef\" data-element_type=\"section\" data-e-type=\"section\">\n\t\t\t\t\t\t<div class=\"elementor-container elementor-column-gap-wider\">\n\t\t\t\t\t<div class=\"elementor-column elementor-col-50 elementor-inner-column elementor-element elementor-element-29c17cb4\" data-id=\"29c17cb4\" data-element_type=\"column\" data-e-type=\"column\" data-settings=\"{&quot;background_background&quot;:&quot;classic&quot;}\">\n\t\t\t<div class=\"elementor-widget-wrap elementor-element-populated\">\n\t\t\t\t\t\t<div class=\"elementor-element elementor-element-54f8f614 elementor-widget elementor-widget-image\" data-id=\"54f8f614\" data-element_type=\"widget\" data-e-type=\"widget\" data-widget_type=\"image.default\">\n\t\t\t\t<div class=\"elementor-widget-container\">\n\t\t\t\t\t\t\t\t\t\t\t\t\t\t\t<img fetchpriority=\"high\" decoding=\"async\" width=\"800\" height=\"534\" src=\"https:\/\/baltic.be-ge.se\/wp-content\/uploads\/2023\/05\/IMG_7826_.webp\" class=\"attachment-large size-large wp-image-13392\" alt=\"siuvimas\/ s\u00f6mnad\/ siuvimas \/ pramoninis siuvimas\/ industriell s\u00f6mnad\/ industrial sewing\" srcset=\"https:\/\/baltic.be-ge.se\/wp-content\/uploads\/2023\/05\/IMG_7826_.webp 1000w, https:\/\/baltic.be-ge.se\/wp-content\/uploads\/2023\/05\/IMG_7826_-300x200.webp 300w, https:\/\/baltic.be-ge.se\/wp-content\/uploads\/2023\/05\/IMG_7826_-768x512.webp 768w, https:\/\/baltic.be-ge.se\/wp-content\/uploads\/2023\/05\/IMG_7826_-18x12.webp 18w\" sizes=\"(max-width: 800px) 100vw, 800px\" \/>\t\t\t\t\t\t\t\t\t\t\t\t\t\t\t<\/div>\n\t\t\t\t<\/div>\n\t\t\t\t\t<\/div>\n\t\t<\/div>\n\t\t\t\t<div class=\"elementor-column elementor-col-50 elementor-inner-column elementor-element elementor-element-7eb0b9bb\" data-id=\"7eb0b9bb\" data-element_type=\"column\" data-e-type=\"column\" data-settings=\"{&quot;background_background&quot;:&quot;classic&quot;}\">\n\t\t\t<div class=\"elementor-widget-wrap elementor-element-populated\">\n\t\t\t\t\t\t<div class=\"elementor-element elementor-element-30521582 elementor-widget elementor-widget-image\" data-id=\"30521582\" data-element_type=\"widget\" data-e-type=\"widget\" data-widget_type=\"image.default\">\n\t\t\t\t<div class=\"elementor-widget-container\">\n\t\t\t\t\t\t\t\t\t\t\t\t\t\t\t<img decoding=\"async\" width=\"1000\" height=\"667\" src=\"https:\/\/baltic.be-ge.se\/wp-content\/uploads\/2024\/05\/DSC_0097.webp\" class=\"attachment-full size-full wp-image-13823\" alt=\"\" srcset=\"https:\/\/baltic.be-ge.se\/wp-content\/uploads\/2024\/05\/DSC_0097.webp 1000w, https:\/\/baltic.be-ge.se\/wp-content\/uploads\/2024\/05\/DSC_0097-300x200.webp 300w, https:\/\/baltic.be-ge.se\/wp-content\/uploads\/2024\/05\/DSC_0097-768x512.webp 768w, https:\/\/baltic.be-ge.se\/wp-content\/uploads\/2024\/05\/DSC_0097-18x12.webp 18w\" sizes=\"(max-width: 1000px) 100vw, 1000px\" \/>\t\t\t\t\t\t\t\t\t\t\t\t\t\t\t<\/div>\n\t\t\t\t<\/div>\n\t\t\t\t\t<\/div>\n\t\t<\/div>\n\t\t\t\t\t<\/div>\n\t\t<\/section>\n\t\t\t\t\t<\/div>\n\t\t<\/div>\n\t\t\t\t\t<\/div>\n\t\t<\/section>\n\t\t\t\t<section class=\"elementor-section elementor-top-section elementor-element elementor-element-305996c6 elementor-section-boxed elementor-section-height-default elementor-section-height-default\" data-id=\"305996c6\" data-element_type=\"section\" data-e-type=\"section\">\n\t\t\t\t\t\t<div class=\"elementor-container elementor-column-gap-default\">\n\t\t\t\t\t<div class=\"elementor-column elementor-col-100 elementor-top-column elementor-element elementor-element-6e6446c8\" data-id=\"6e6446c8\" data-element_type=\"column\" data-e-type=\"column\">\n\t\t\t<div class=\"elementor-widget-wrap elementor-element-populated\">\n\t\t\t\t\t\t<div class=\"elementor-element elementor-element-47f61af0 elementor-widget elementor-widget-heading\" data-id=\"47f61af0\" data-element_type=\"widget\" data-e-type=\"widget\" data-widget_type=\"heading.default\">\n\t\t\t\t<div class=\"elementor-widget-container\">\n\t\t\t\t\t<h2 class=\"elementor-heading-title elementor-size-large\">Didesni gamybiniai paj\u0117gumai<\/h2>\t\t\t\t<\/div>\n\t\t\t\t<\/div>\n\t\t\t\t<div class=\"elementor-element elementor-element-7481b6f2 elementor-widget elementor-widget-text-editor\" data-id=\"7481b6f2\" data-element_type=\"widget\" data-e-type=\"widget\" data-widget_type=\"text-editor.default\">\n\t\t\t\t<div class=\"elementor-widget-container\">\n\t\t\t\t\t\t\t\t\t<p>Tur\u0117dama didelius gamybinius paj\u0117gumus \u012fmon\u0117 gali gaminti tiek specializuotas ma\u017eesnes partijas, tiek ekonomi\u0161kai efektyvias dideles partijas. Kliento poreikiai ir pageidavimai nulemia, koks gamybos b\u016bdas tinka labiausiai. Da\u017enai reikia pateikti galutin\u012f produkt\u0105, kur\u012f sudaro ne tik siuvimas, bet ir daugiau komponent\u0173. Visos kliento sprendimo sudedamosios dalys \u012fmon\u0117je virsta galutiniu produktu, paruo\u0161tu pristatymui ir naudojimui.<\/p>\t\t\t\t\t\t\t\t<\/div>\n\t\t\t\t<\/div>\n\t\t\t\t<section class=\"elementor-section elementor-inner-section elementor-element elementor-element-33655650 elementor-section-boxed elementor-section-height-default elementor-section-height-default\" data-id=\"33655650\" data-element_type=\"section\" data-e-type=\"section\">\n\t\t\t\t\t\t<div class=\"elementor-container elementor-column-gap-wider\">\n\t\t\t\t\t<div class=\"elementor-column elementor-col-50 elementor-inner-column elementor-element elementor-element-3f6bd3c7\" data-id=\"3f6bd3c7\" data-element_type=\"column\" data-e-type=\"column\" data-settings=\"{&quot;background_background&quot;:&quot;classic&quot;}\">\n\t\t\t<div class=\"elementor-widget-wrap elementor-element-populated\">\n\t\t\t\t\t\t<div class=\"elementor-element elementor-element-3517ec2d elementor-widget elementor-widget-image\" data-id=\"3517ec2d\" data-element_type=\"widget\" data-e-type=\"widget\" data-widget_type=\"image.default\">\n\t\t\t\t<div class=\"elementor-widget-container\">\n\t\t\t\t\t\t\t\t\t\t\t\t\t\t\t<img decoding=\"async\" width=\"800\" height=\"534\" src=\"https:\/\/baltic.be-ge.se\/wp-content\/uploads\/2023\/05\/IMG_7718.webp\" class=\"attachment-large size-large wp-image-13394\" alt=\"siuvimas\/ s\u00f6mnad\/ siuvimas \/ pramoninis siuvimas\/ industriell s\u00f6mnad\/ industrial sewing\" srcset=\"https:\/\/baltic.be-ge.se\/wp-content\/uploads\/2023\/05\/IMG_7718.webp 1000w, https:\/\/baltic.be-ge.se\/wp-content\/uploads\/2023\/05\/IMG_7718-300x200.webp 300w, https:\/\/baltic.be-ge.se\/wp-content\/uploads\/2023\/05\/IMG_7718-768x512.webp 768w, https:\/\/baltic.be-ge.se\/wp-content\/uploads\/2023\/05\/IMG_7718-18x12.webp 18w\" sizes=\"(max-width: 800px) 100vw, 800px\" \/>\t\t\t\t\t\t\t\t\t\t\t\t\t\t\t<\/div>\n\t\t\t\t<\/div>\n\t\t\t\t\t<\/div>\n\t\t<\/div>\n\t\t\t\t<div class=\"elementor-column elementor-col-50 elementor-inner-column elementor-element elementor-element-3eaba543\" data-id=\"3eaba543\" data-element_type=\"column\" data-e-type=\"column\" data-settings=\"{&quot;background_background&quot;:&quot;classic&quot;}\">\n\t\t\t<div class=\"elementor-widget-wrap elementor-element-populated\">\n\t\t\t\t\t\t<div class=\"elementor-element elementor-element-50584d39 elementor-widget elementor-widget-image\" data-id=\"50584d39\" data-element_type=\"widget\" data-e-type=\"widget\" data-widget_type=\"image.default\">\n\t\t\t\t<div class=\"elementor-widget-container\">\n\t\t\t\t\t\t\t\t\t\t\t\t\t\t\t<img loading=\"lazy\" decoding=\"async\" width=\"800\" height=\"534\" src=\"https:\/\/baltic.be-ge.se\/wp-content\/uploads\/2023\/05\/IMG_7735_.webp\" class=\"attachment-large size-large wp-image-13395\" alt=\"siuvimas\/ s\u00f6mnad\/ siuvimas \/ pramoninis siuvimas\/ industriell s\u00f6mnad\/ industrial sewing\" srcset=\"https:\/\/baltic.be-ge.se\/wp-content\/uploads\/2023\/05\/IMG_7735_.webp 1000w, https:\/\/baltic.be-ge.se\/wp-content\/uploads\/2023\/05\/IMG_7735_-300x200.webp 300w, https:\/\/baltic.be-ge.se\/wp-content\/uploads\/2023\/05\/IMG_7735_-768x512.webp 768w, https:\/\/baltic.be-ge.se\/wp-content\/uploads\/2023\/05\/IMG_7735_-18x12.webp 18w\" sizes=\"(max-width: 800px) 100vw, 800px\" \/>\t\t\t\t\t\t\t\t\t\t\t\t\t\t\t<\/div>\n\t\t\t\t<\/div>\n\t\t\t\t\t<\/div>\n\t\t<\/div>\n\t\t\t\t\t<\/div>\n\t\t<\/section>\n\t\t\t\t\t<\/div>\n\t\t<\/div>\n\t\t\t\t\t<\/div>\n\t\t<\/section>\n\t\t\t\t<section class=\"elementor-section elementor-top-section elementor-element elementor-element-d0ba860 elementor-section-boxed elementor-section-height-default elementor-section-height-default\" data-id=\"d0ba860\" data-element_type=\"section\" data-e-type=\"section\" data-settings=\"{&quot;background_background&quot;:&quot;classic&quot;}\">\n\t\t\t\t\t\t<div class=\"elementor-container elementor-column-gap-default\">\n\t\t\t\t\t<div class=\"elementor-column elementor-col-100 elementor-top-column elementor-element elementor-element-e9e8ee7\" data-id=\"e9e8ee7\" data-element_type=\"column\" data-e-type=\"column\">\n\t\t\t<div class=\"elementor-widget-wrap elementor-element-populated\">\n\t\t\t\t\t\t<div class=\"elementor-element elementor-element-d74a9ba elementor-widget elementor-widget-heading\" data-id=\"d74a9ba\" data-element_type=\"widget\" data-e-type=\"widget\" data-widget_type=\"heading.default\">\n\t\t\t\t<div class=\"elementor-widget-container\">\n\t\t\t\t\t<h2 class=\"elementor-heading-title elementor-size-large\">Profesional\u016bs darbuotojai\n<\/h2>\t\t\t\t<\/div>\n\t\t\t\t<\/div>\n\t\t\t\t<div class=\"elementor-element elementor-element-09581e9 elementor-widget elementor-widget-text-editor\" data-id=\"09581e9\" data-element_type=\"widget\" data-e-type=\"widget\" data-widget_type=\"text-editor.default\">\n\t\t\t\t<div class=\"elementor-widget-container\">\n\t\t\t\t\t\t\t\t\t<p>Bendradarbiaudama su Klaip\u0117dos siuvimo ir verslo paslaug\u0173 mokykla \u012fmon\u0117 turi galimyb\u0119 \u012fdarbinti profesionaliai paruo\u0161t\u0173 darbuotoj\u0173. \u0160uo metu \u012fmon\u0117je dirba 56 profesin\u012f pasirengim\u0105 turin\u010dios siuv\u0117jos, j\u0173 patirties ir \u017eini\u0173 d\u0117ka teikiame auk\u0161\u010diausios kokyb\u0117s siuvimo paslaugas.<\/p>\t\t\t\t\t\t\t\t<\/div>\n\t\t\t\t<\/div>\n\t\t\t\t\t<\/div>\n\t\t<\/div>\n\t\t\t\t\t<\/div>\n\t\t<\/section>\n\t\t\t\t<section class=\"elementor-section elementor-top-section elementor-element elementor-element-bae6e6f elementor-section-boxed elementor-section-height-default elementor-section-height-default\" data-id=\"bae6e6f\" data-element_type=\"section\" data-e-type=\"section\" data-settings=\"{&quot;background_background&quot;:&quot;classic&quot;}\">\n\t\t\t\t\t\t<div class=\"elementor-container elementor-column-gap-default\">\n\t\t\t\t\t<div class=\"elementor-column elementor-col-100 elementor-top-column elementor-element elementor-element-14b7f65\" data-id=\"14b7f65\" data-element_type=\"column\" data-e-type=\"column\">\n\t\t\t<div class=\"elementor-widget-wrap elementor-element-populated\">\n\t\t\t\t\t\t<div class=\"elementor-element elementor-element-0328ff8 elementor-cta--skin-cover elementor-animated-content elementor-bg-transform elementor-bg-transform-zoom-in elementor-widget elementor-widget-call-to-action\" data-id=\"0328ff8\" data-element_type=\"widget\" data-e-type=\"widget\" data-widget_type=\"call-to-action.default\">\n\t\t\t\t<div class=\"elementor-widget-container\">\n\t\t\t\t\t\t\t<div class=\"elementor-cta\">\n\t\t\t\t\t<div class=\"elementor-cta__bg-wrapper\">\n\t\t\t\t<div class=\"elementor-cta__bg elementor-bg\" style=\"background-image: url(https:\/\/baltic.be-ge.se\/wp-content\/uploads\/2023\/05\/RS592_IMG_6121__-1024x470.webp);\" role=\"img\" aria-label=\"Long term customer relations Our advantageous points such as financial stability, experience and knowledge have resulted in the company\u2019s long term customer relations.\"><\/div>\n\t\t\t\t<div class=\"elementor-cta__bg-overlay\"><\/div>\n\t\t\t<\/div>\n\t\t\t\t\t\t\t<div class=\"elementor-cta__content\">\n\t\t\t\t\n\t\t\t\t\t\t\t\t\t<h2 class=\"elementor-cta__title elementor-cta__content-item elementor-content-item elementor-animated-item--grow\">\n\t\t\t\t\t\tKontaktai\t\t\t\t\t<\/h2>\n\t\t\t\t\n\t\t\t\t\t\t\t\t\t<div class=\"elementor-cta__description elementor-cta__content-item elementor-content-item elementor-animated-item--grow\">\n\t\t\t\t\t\tJei turite klausim\u0173 ir pageidaujate daugiau\ninformacijos,  kreipkit\u0117s \u012f mus.\t\t\t\t\t<\/div>\n\t\t\t\t\n\t\t\t\t\t\t\t\t\t<div class=\"elementor-cta__button-wrapper elementor-cta__content-item elementor-content-item elementor-animated-item--grow\">\n\t\t\t\t\t<a class=\"elementor-cta__button elementor-button elementor-size-\" href=\"\/lt\/contact\/\">\n\t\t\t\t\t\tKreipkit\u0117s \u012f mus\t\t\t\t\t<\/a>\n\t\t\t\t\t<\/div>\n\t\t\t\t\t\t\t<\/div>\n\t\t\t\t\t\t<\/div>\n\t\t\t\t\t\t<\/div>\n\t\t\t\t<\/div>\n\t\t\t\t\t<\/div>\n\t\t<\/div>\n\t\t\t\t\t<\/div>\n\t\t<\/section>\n\t\t\t\t<section class=\"elementor-section elementor-top-section elementor-element elementor-element-dae9b4e elementor-section-boxed elementor-section-height-default elementor-section-height-default\" data-id=\"dae9b4e\" data-element_type=\"section\" data-e-type=\"section\">\n\t\t\t\t\t\t<div class=\"elementor-container elementor-column-gap-default\">\n\t\t\t\t\t<div class=\"elementor-column elementor-col-100 elementor-top-column elementor-element elementor-element-c48003a\" data-id=\"c48003a\" data-element_type=\"column\" data-e-type=\"column\">\n\t\t\t<div class=\"elementor-widget-wrap elementor-element-populated\">\n\t\t\t\t\t\t<div class=\"elementor-element elementor-element-ba2065f elementor-widget elementor-widget-spacer\" data-id=\"ba2065f\" data-element_type=\"widget\" data-e-type=\"widget\" data-widget_type=\"spacer.default\">\n\t\t\t\t<div class=\"elementor-widget-container\">\n\t\t\t\t\t\t\t<div class=\"elementor-spacer\">\n\t\t\t<div class=\"elementor-spacer-inner\"><\/div>\n\t\t<\/div>\n\t\t\t\t\t\t<\/div>\n\t\t\t\t<\/div>\n\t\t\t\t\t<\/div>\n\t\t<\/div>\n\t\t\t\t\t<\/div>\n\t\t<\/section>\n\t\t\t\t<\/div>","protected":false},"excerpt":{"rendered":"<p>Industrial sewing The largest business field of Be-Ge Baltic UAB is industrial sewing. The company specializes in sewing of rougher types of textiles used for manufacturing truck, bus, train, boat, office and surveillance chairs, auditorium chairs, wheelchairs as well as for upholstered furniture and other industrial products. Industrial sewing is our largest business field Sophisticated [&hellip;]<\/p>\n","protected":false},"author":7,"featured_media":0,"parent":0,"menu_order":0,"comment_status":"closed","ping_status":"closed","template":"","meta":{"_acf_changed":false,"footnotes":""},"class_list":["post-11145","page","type-page","status-publish","hentry"],"acf":[],"_links":{"self":[{"href":"https:\/\/baltic.be-ge.se\/lt\/wp-json\/wp\/v2\/pages\/11145","targetHints":{"allow":["GET"]}}],"collection":[{"href":"https:\/\/baltic.be-ge.se\/lt\/wp-json\/wp\/v2\/pages"}],"about":[{"href":"https:\/\/baltic.be-ge.se\/lt\/wp-json\/wp\/v2\/types\/page"}],"author":[{"embeddable":true,"href":"https:\/\/baltic.be-ge.se\/lt\/wp-json\/wp\/v2\/users\/7"}],"replies":[{"embeddable":true,"href":"https:\/\/baltic.be-ge.se\/lt\/wp-json\/wp\/v2\/comments?post=11145"}],"version-history":[{"count":61,"href":"https:\/\/baltic.be-ge.se\/lt\/wp-json\/wp\/v2\/pages\/11145\/revisions"}],"predecessor-version":[{"id":13826,"href":"https:\/\/baltic.be-ge.se\/lt\/wp-json\/wp\/v2\/pages\/11145\/revisions\/13826"}],"wp:attachment":[{"href":"https:\/\/baltic.be-ge.se\/lt\/wp-json\/wp\/v2\/media?parent=11145"}],"curies":[{"name":"wp","href":"https:\/\/api.w.org\/{rel}","templated":true}]}}