{"id":11136,"date":"2022-05-31T15:10:34","date_gmt":"2022-05-31T13:10:34","guid":{"rendered":"http:\/\/baltic.be-ge.se\/?page_id=11136"},"modified":"2024-08-12T13:26:16","modified_gmt":"2024-08-12T11:26:16","slug":"quality","status":"publish","type":"page","link":"https:\/\/baltic.be-ge.se\/lt\/quality\/","title":{"rendered":"Kokyb\u0117"},"content":{"rendered":"<div data-elementor-type=\"wp-page\" data-elementor-id=\"11136\" class=\"elementor elementor-11136\" data-elementor-post-type=\"page\">\n\t\t\t\t\t\t<section class=\"elementor-section elementor-top-section elementor-element elementor-element-10bd7a49 elementor-section-boxed elementor-section-height-default elementor-section-height-default\" data-id=\"10bd7a49\" data-element_type=\"section\" data-e-type=\"section\">\n\t\t\t\t\t\t<div class=\"elementor-container elementor-column-gap-default\">\n\t\t\t\t\t<div class=\"elementor-column elementor-col-50 elementor-top-column elementor-element elementor-element-7d42ab06\" data-id=\"7d42ab06\" data-element_type=\"column\" data-e-type=\"column\">\n\t\t\t<div class=\"elementor-widget-wrap elementor-element-populated\">\n\t\t\t\t\t\t<div class=\"elementor-element elementor-element-6478f82d elementor-widget elementor-widget-heading\" data-id=\"6478f82d\" data-element_type=\"widget\" data-e-type=\"widget\" data-widget_type=\"heading.default\">\n\t\t\t\t<div class=\"elementor-widget-container\">\n\t\t\t\t\t<h1 class=\"elementor-heading-title elementor-size-large\">Kokyb\u0117<\/h1>\t\t\t\t<\/div>\n\t\t\t\t<\/div>\n\t\t\t\t\t<\/div>\n\t\t<\/div>\n\t\t\t\t<div class=\"elementor-column elementor-col-50 elementor-top-column elementor-element elementor-element-56f07ca\" data-id=\"56f07ca\" data-element_type=\"column\" data-e-type=\"column\">\n\t\t\t<div class=\"elementor-widget-wrap elementor-element-populated\">\n\t\t\t\t\t\t<div class=\"elementor-element elementor-element-7aecc876 elementor-widget elementor-widget-text-editor\" data-id=\"7aecc876\" data-element_type=\"widget\" data-e-type=\"widget\" data-widget_type=\"text-editor.default\">\n\t\t\t\t<div class=\"elementor-widget-container\">\n\t\t\t\t\t\t\t\t\tKokyb\u0117s u\u017etikrinimas yra daugeliui svarbi ir reik\u0161minga s\u0105voka. Tokiomis aplinkyb\u0117mis, kai net 1 mm paklaida gali tur\u0117ti didel\u0119 reik\u0161m\u0119, labai svarbi nuolatin\u0117 vidin\u0117 kontrol\u0117, prie\u017ei\u016bra ir tobulinimas.\n <br>\t\t\t\t\t\t\t\t<\/div>\n\t\t\t\t<\/div>\n\t\t\t\t\t<\/div>\n\t\t<\/div>\n\t\t\t\t\t<\/div>\n\t\t<\/section>\n\t\t\t\t<section class=\"elementor-section elementor-top-section elementor-element elementor-element-433cf2d5 elementor-section-full_width elementor-section-height-min-height elementor-section-height-default elementor-section-items-middle\" data-id=\"433cf2d5\" data-element_type=\"section\" data-e-type=\"section\" data-settings=\"{&quot;background_background&quot;:&quot;classic&quot;}\">\n\t\t\t\t\t\t\t<div class=\"elementor-background-overlay\"><\/div>\n\t\t\t\t\t\t\t<div class=\"elementor-container elementor-column-gap-default\">\n\t\t\t\t\t<div class=\"elementor-column elementor-col-100 elementor-top-column elementor-element elementor-element-5f0442da\" data-id=\"5f0442da\" data-element_type=\"column\" data-e-type=\"column\">\n\t\t\t<div class=\"elementor-widget-wrap elementor-element-populated\">\n\t\t\t\t\t\t<section class=\"elementor-section elementor-inner-section elementor-element elementor-element-20b4ccbb elementor-section-boxed elementor-section-height-default elementor-section-height-default\" data-id=\"20b4ccbb\" data-element_type=\"section\" data-e-type=\"section\">\n\t\t\t\t\t\t<div class=\"elementor-container elementor-column-gap-default\">\n\t\t\t\t\t<div class=\"elementor-column elementor-col-100 elementor-inner-column elementor-element elementor-element-69dda46f\" data-id=\"69dda46f\" data-element_type=\"column\" data-e-type=\"column\">\n\t\t\t<div class=\"elementor-widget-wrap elementor-element-populated\">\n\t\t\t\t\t\t<div class=\"elementor-element elementor-element-2d41527a elementor-widget elementor-widget-heading\" data-id=\"2d41527a\" data-element_type=\"widget\" data-e-type=\"widget\" data-widget_type=\"heading.default\">\n\t\t\t\t<div class=\"elementor-widget-container\">\n\t\t\t\t\t<h1 class=\"elementor-heading-title elementor-size-large\">Kokyb\u0117s vadybos sistema\n<\/h1>\t\t\t\t<\/div>\n\t\t\t\t<\/div>\n\t\t\t\t\t<\/div>\n\t\t<\/div>\n\t\t\t\t\t<\/div>\n\t\t<\/section>\n\t\t\t\t\t<\/div>\n\t\t<\/div>\n\t\t\t\t\t<\/div>\n\t\t<\/section>\n\t\t\t\t<section class=\"elementor-section elementor-top-section elementor-element elementor-element-39738b32 elementor-section-boxed elementor-section-height-default elementor-section-height-default\" data-id=\"39738b32\" data-element_type=\"section\" data-e-type=\"section\">\n\t\t\t\t\t\t<div class=\"elementor-container elementor-column-gap-default\">\n\t\t\t\t\t<div class=\"elementor-column elementor-col-100 elementor-top-column elementor-element elementor-element-3e7948c6\" data-id=\"3e7948c6\" data-element_type=\"column\" data-e-type=\"column\">\n\t\t\t<div class=\"elementor-widget-wrap elementor-element-populated\">\n\t\t\t\t\t\t<div class=\"elementor-element elementor-element-165503b9 elementor-widget elementor-widget-heading\" data-id=\"165503b9\" data-element_type=\"widget\" data-e-type=\"widget\" data-widget_type=\"heading.default\">\n\t\t\t\t<div class=\"elementor-widget-container\">\n\t\t\t\t\t<h2 class=\"elementor-heading-title elementor-size-large\">Auk\u0161ta kokyb\u0117<\/h2>\t\t\t\t<\/div>\n\t\t\t\t<\/div>\n\t\t\t\t<div class=\"elementor-element elementor-element-58aef61 elementor-widget elementor-widget-text-editor\" data-id=\"58aef61\" data-element_type=\"widget\" data-e-type=\"widget\" data-widget_type=\"text-editor.default\">\n\t\t\t\t<div class=\"elementor-widget-container\">\n\t\t\t\t\t\t\t\t\t<p>Auk\u0161ta kokyb\u0117 mes suprantame kaip kliento reikalavim\u0173, poreiki\u0173 bei l\u016bkes\u010di\u0173 patenkinim\u0105 ir vir\u0161ijim\u0105 kuo ma\u017eesn\u0117mis s\u0105naudomis. To pasiekiame steb\u0117dami procesus, dokumentuodami juos ir atlikdami 100 proc. kokyb\u0117s kontrol\u0119, kuomet kiekvienas gaminys, prie\u0161 palikdamas m\u016bs\u0173 gamykl\u0105, patikrinamas vizualiai.<\/p>\t\t\t\t\t\t\t\t<\/div>\n\t\t\t\t<\/div>\n\t\t\t\t<section class=\"elementor-section elementor-inner-section elementor-element elementor-element-726dc330 elementor-section-boxed elementor-section-height-default elementor-section-height-default\" data-id=\"726dc330\" data-element_type=\"section\" data-e-type=\"section\">\n\t\t\t\t\t\t<div class=\"elementor-container elementor-column-gap-wider\">\n\t\t\t\t\t<div class=\"elementor-column elementor-col-50 elementor-inner-column elementor-element elementor-element-1ef70c47\" data-id=\"1ef70c47\" data-element_type=\"column\" data-e-type=\"column\" data-settings=\"{&quot;background_background&quot;:&quot;classic&quot;}\">\n\t\t\t<div class=\"elementor-widget-wrap elementor-element-populated\">\n\t\t\t\t\t\t<div class=\"elementor-element elementor-element-5f0b4fd elementor-widget elementor-widget-image\" data-id=\"5f0b4fd\" data-element_type=\"widget\" data-e-type=\"widget\" data-widget_type=\"image.default\">\n\t\t\t\t<div class=\"elementor-widget-container\">\n\t\t\t\t\t\t\t\t\t\t\t\t\t\t\t<img fetchpriority=\"high\" decoding=\"async\" width=\"800\" height=\"533\" src=\"https:\/\/baltic.be-ge.se\/wp-content\/uploads\/2023\/05\/Step-4_upholstery.webp\" class=\"attachment-large size-large wp-image-13404\" alt=\"aptraukimas\/ tapetsering\/ upholstering \/ mink\u0161tos bald\u0173 dalys\/ dynor\/ furniture cushions\" srcset=\"https:\/\/baltic.be-ge.se\/wp-content\/uploads\/2023\/05\/Step-4_upholstery.webp 1000w, https:\/\/baltic.be-ge.se\/wp-content\/uploads\/2023\/05\/Step-4_upholstery-300x200.webp 300w, https:\/\/baltic.be-ge.se\/wp-content\/uploads\/2023\/05\/Step-4_upholstery-768x511.webp 768w, https:\/\/baltic.be-ge.se\/wp-content\/uploads\/2023\/05\/Step-4_upholstery-18x12.webp 18w\" sizes=\"(max-width: 800px) 100vw, 800px\" \/>\t\t\t\t\t\t\t\t\t\t\t\t\t\t\t<\/div>\n\t\t\t\t<\/div>\n\t\t\t\t\t<\/div>\n\t\t<\/div>\n\t\t\t\t<div class=\"elementor-column elementor-col-50 elementor-inner-column elementor-element elementor-element-3ce97888\" data-id=\"3ce97888\" data-element_type=\"column\" data-e-type=\"column\" data-settings=\"{&quot;background_background&quot;:&quot;classic&quot;}\">\n\t\t\t<div class=\"elementor-widget-wrap elementor-element-populated\">\n\t\t\t\t\t\t<div class=\"elementor-element elementor-element-1f45b0f elementor-widget elementor-widget-image\" data-id=\"1f45b0f\" data-element_type=\"widget\" data-e-type=\"widget\" data-widget_type=\"image.default\">\n\t\t\t\t<div class=\"elementor-widget-container\">\n\t\t\t\t\t\t\t\t\t\t\t\t\t\t\t<img decoding=\"async\" width=\"800\" height=\"534\" src=\"https:\/\/baltic.be-ge.se\/wp-content\/uploads\/2024\/05\/RS537_IMG_5965.webp\" class=\"attachment-large size-large wp-image-13813\" alt=\"\" srcset=\"https:\/\/baltic.be-ge.se\/wp-content\/uploads\/2024\/05\/RS537_IMG_5965.webp 1000w, https:\/\/baltic.be-ge.se\/wp-content\/uploads\/2024\/05\/RS537_IMG_5965-300x200.webp 300w, https:\/\/baltic.be-ge.se\/wp-content\/uploads\/2024\/05\/RS537_IMG_5965-768x512.webp 768w, https:\/\/baltic.be-ge.se\/wp-content\/uploads\/2024\/05\/RS537_IMG_5965-18x12.webp 18w\" sizes=\"(max-width: 800px) 100vw, 800px\" \/>\t\t\t\t\t\t\t\t\t\t\t\t\t\t\t<\/div>\n\t\t\t\t<\/div>\n\t\t\t\t\t<\/div>\n\t\t<\/div>\n\t\t\t\t\t<\/div>\n\t\t<\/section>\n\t\t\t\t\t<\/div>\n\t\t<\/div>\n\t\t\t\t\t<\/div>\n\t\t<\/section>\n\t\t\t\t<section class=\"elementor-section elementor-top-section elementor-element elementor-element-4162422a elementor-section-boxed elementor-section-height-default elementor-section-height-default\" data-id=\"4162422a\" data-element_type=\"section\" data-e-type=\"section\">\n\t\t\t\t\t\t<div class=\"elementor-container elementor-column-gap-wider\">\n\t\t\t\t\t<div class=\"elementor-column elementor-col-33 elementor-top-column elementor-element elementor-element-696a66ab\" data-id=\"696a66ab\" data-element_type=\"column\" data-e-type=\"column\">\n\t\t\t<div class=\"elementor-widget-wrap elementor-element-populated\">\n\t\t\t\t\t\t<div class=\"elementor-element elementor-element-7803574b elementor-widget elementor-widget-image\" data-id=\"7803574b\" data-element_type=\"widget\" data-e-type=\"widget\" data-widget_type=\"image.default\">\n\t\t\t\t<div class=\"elementor-widget-container\">\n\t\t\t\t\t\t\t\t\t\t\t\t\t\t\t<img decoding=\"async\" width=\"150\" height=\"180\" src=\"https:\/\/baltic.be-ge.se\/wp-content\/uploads\/2022\/06\/QualitySysCert_ISO9001_col_eng.png\" class=\"attachment-large size-large wp-image-11213\" alt=\"\" srcset=\"https:\/\/baltic.be-ge.se\/wp-content\/uploads\/2022\/06\/QualitySysCert_ISO9001_col_eng.png 150w, https:\/\/baltic.be-ge.se\/wp-content\/uploads\/2022\/06\/QualitySysCert_ISO9001_col_eng-10x12.png 10w\" sizes=\"(max-width: 150px) 100vw, 150px\" \/>\t\t\t\t\t\t\t\t\t\t\t\t\t\t\t<\/div>\n\t\t\t\t<\/div>\n\t\t\t\t\t<\/div>\n\t\t<\/div>\n\t\t\t\t<div class=\"elementor-column elementor-col-66 elementor-top-column elementor-element elementor-element-182b49c7\" data-id=\"182b49c7\" data-element_type=\"column\" data-e-type=\"column\">\n\t\t\t<div class=\"elementor-widget-wrap elementor-element-populated\">\n\t\t\t\t\t\t<div class=\"elementor-element elementor-element-3035235e elementor-widget elementor-widget-heading\" data-id=\"3035235e\" data-element_type=\"widget\" data-e-type=\"widget\" data-widget_type=\"heading.default\">\n\t\t\t\t<div class=\"elementor-widget-container\">\n\t\t\t\t\t<h2 class=\"elementor-heading-title elementor-size-large\">\u012emon\u0117 sertifikuota pagal kokyb\u0117s vadybos sistem\u0105.<\/h2>\t\t\t\t<\/div>\n\t\t\t\t<\/div>\n\t\t\t\t<div class=\"elementor-element elementor-element-5233601f elementor-widget elementor-widget-text-editor\" data-id=\"5233601f\" data-element_type=\"widget\" data-e-type=\"widget\" data-widget_type=\"text-editor.default\">\n\t\t\t\t<div class=\"elementor-widget-container\">\n\t\t\t\t\t\t\t\t\t<p>\u201eBe-Ge Baltic\u201c, UAB, yra sertifikuota pagal kokyb\u0117s vadybos sistem\u0105 ISO 9001. <span style=\"text-decoration: underline;\"><a href=\"http:\/\/media.be-ge.se\/?r=3906\">Spauskite \u010dia nor\u0117dami per\u017ei\u016br\u0117ti sertifikat\u0105.<\/a><\/span><\/p>\t\t\t\t\t\t\t\t<\/div>\n\t\t\t\t<\/div>\n\t\t\t\t\t<\/div>\n\t\t<\/div>\n\t\t\t\t\t<\/div>\n\t\t<\/section>\n\t\t\t\t<section class=\"elementor-section elementor-top-section elementor-element elementor-element-e0b92d7 elementor-section-boxed elementor-section-height-default elementor-section-height-default\" data-id=\"e0b92d7\" data-element_type=\"section\" data-e-type=\"section\">\n\t\t\t\t\t\t<div class=\"elementor-container elementor-column-gap-default\">\n\t\t\t\t\t<div class=\"elementor-column elementor-col-100 elementor-top-column elementor-element elementor-element-ea19c7f\" data-id=\"ea19c7f\" data-element_type=\"column\" data-e-type=\"column\">\n\t\t\t<div class=\"elementor-widget-wrap elementor-element-populated\">\n\t\t\t\t\t\t<div class=\"elementor-element elementor-element-0f0f50d elementor-widget elementor-widget-spacer\" data-id=\"0f0f50d\" data-element_type=\"widget\" data-e-type=\"widget\" data-widget_type=\"spacer.default\">\n\t\t\t\t<div class=\"elementor-widget-container\">\n\t\t\t\t\t\t\t<div class=\"elementor-spacer\">\n\t\t\t<div class=\"elementor-spacer-inner\"><\/div>\n\t\t<\/div>\n\t\t\t\t\t\t<\/div>\n\t\t\t\t<\/div>\n\t\t\t\t\t<\/div>\n\t\t<\/div>\n\t\t\t\t\t<\/div>\n\t\t<\/section>\n\t\t\t\t<\/div>","protected":false},"excerpt":{"rendered":"<p>Quality The quality assurance is a key concept for many. An ongoing internal control, monitoring and improvement gain a special significance under such conditions when an error of 1 mm deviation makes a big difference. Quality Management System High quality For us, high quality means to meet or exceed the demands, needs and expectations of [&hellip;]<\/p>\n","protected":false},"author":7,"featured_media":0,"parent":0,"menu_order":0,"comment_status":"closed","ping_status":"closed","template":"","meta":{"_acf_changed":false,"footnotes":""},"class_list":["post-11136","page","type-page","status-publish","hentry"],"acf":[],"_links":{"self":[{"href":"https:\/\/baltic.be-ge.se\/lt\/wp-json\/wp\/v2\/pages\/11136","targetHints":{"allow":["GET"]}}],"collection":[{"href":"https:\/\/baltic.be-ge.se\/lt\/wp-json\/wp\/v2\/pages"}],"about":[{"href":"https:\/\/baltic.be-ge.se\/lt\/wp-json\/wp\/v2\/types\/page"}],"author":[{"embeddable":true,"href":"https:\/\/baltic.be-ge.se\/lt\/wp-json\/wp\/v2\/users\/7"}],"replies":[{"embeddable":true,"href":"https:\/\/baltic.be-ge.se\/lt\/wp-json\/wp\/v2\/comments?post=11136"}],"version-history":[{"count":46,"href":"https:\/\/baltic.be-ge.se\/lt\/wp-json\/wp\/v2\/pages\/11136\/revisions"}],"predecessor-version":[{"id":13867,"href":"https:\/\/baltic.be-ge.se\/lt\/wp-json\/wp\/v2\/pages\/11136\/revisions\/13867"}],"wp:attachment":[{"href":"https:\/\/baltic.be-ge.se\/lt\/wp-json\/wp\/v2\/media?parent=11136"}],"curies":[{"name":"wp","href":"https:\/\/api.w.org\/{rel}","templated":true}]}}