{"id":11134,"date":"2022-05-31T15:10:17","date_gmt":"2022-05-31T13:10:17","guid":{"rendered":"http:\/\/baltic.be-ge.se\/?page_id=11134"},"modified":"2024-10-07T16:23:41","modified_gmt":"2024-10-07T14:23:41","slug":"about-the-company","status":"publish","type":"page","link":"https:\/\/baltic.be-ge.se\/lt\/about-the-company\/","title":{"rendered":"APIE \u012eMON\u0118"},"content":{"rendered":"<div data-elementor-type=\"wp-page\" data-elementor-id=\"11134\" class=\"elementor elementor-11134\" data-elementor-post-type=\"page\">\n\t\t\t\t\t\t<section class=\"elementor-section elementor-top-section elementor-element elementor-element-7753d145 elementor-section-boxed elementor-section-height-default elementor-section-height-default\" data-id=\"7753d145\" data-element_type=\"section\" data-e-type=\"section\">\n\t\t\t\t\t\t<div class=\"elementor-container elementor-column-gap-default\">\n\t\t\t\t\t<div class=\"elementor-column elementor-col-50 elementor-top-column elementor-element elementor-element-2f8a956\" data-id=\"2f8a956\" data-element_type=\"column\" data-e-type=\"column\">\n\t\t\t<div class=\"elementor-widget-wrap elementor-element-populated\">\n\t\t\t\t\t\t<div class=\"elementor-element elementor-element-1d47ed4e elementor-widget elementor-widget-heading\" data-id=\"1d47ed4e\" data-element_type=\"widget\" data-e-type=\"widget\" data-widget_type=\"heading.default\">\n\t\t\t\t<div class=\"elementor-widget-container\">\n\t\t\t\t\t<h1 class=\"elementor-heading-title elementor-size-large\">Apie \u201eBe-Ge Baltic\u201c, UAB<\/h1>\t\t\t\t<\/div>\n\t\t\t\t<\/div>\n\t\t\t\t\t<\/div>\n\t\t<\/div>\n\t\t\t\t<div class=\"elementor-column elementor-col-50 elementor-top-column elementor-element elementor-element-6fb601a2\" data-id=\"6fb601a2\" data-element_type=\"column\" data-e-type=\"column\">\n\t\t\t<div class=\"elementor-widget-wrap elementor-element-populated\">\n\t\t\t\t\t\t<div class=\"elementor-element elementor-element-32e24da7 elementor-widget elementor-widget-text-editor\" data-id=\"32e24da7\" data-element_type=\"widget\" data-e-type=\"widget\" data-widget_type=\"text-editor.default\">\n\t\t\t\t<div class=\"elementor-widget-container\">\n\t\t\t\t\t\t\t\t\tBendrov\u0117 savo veikl\u0105 prad\u0117jo 1995 metais kaip individuali \u012fmon\u0117. 2002 m. \u012fmon\u0117 u\u017emezg\u0117 bendradarbiavim\u0105 su \u0160vedijos \u012fmone Be-Ge Industri AB ir Danijos \u012fmone Be-Ge Jany A\/S, tapo kvalifikuota \u0161i\u0173 \u012fmoni\u0173 tiek\u0117ja. 2006 m. Be-Ge \u012fmoni\u0173 grup\u0119 valdanti \u0160vedijos bendrov\u0117 Be-Ge F\u00f6retagen \u012fsigijo 80 proc. reorganizuotos UAB \u201eBe-Ge Amersanas\u201c akcij\u0173.\n\n\t\t\t\t\t\t\t\t<\/div>\n\t\t\t\t<\/div>\n\t\t\t\t\t<\/div>\n\t\t<\/div>\n\t\t\t\t\t<\/div>\n\t\t<\/section>\n\t\t\t\t<section class=\"elementor-section elementor-top-section elementor-element elementor-element-43b2802e elementor-section-full_width elementor-section-height-min-height elementor-reverse-mobile elementor-section-height-default elementor-section-items-middle\" data-id=\"43b2802e\" data-element_type=\"section\" data-e-type=\"section\" data-settings=\"{&quot;background_background&quot;:&quot;classic&quot;}\">\n\t\t\t\t\t\t\t<div class=\"elementor-background-overlay\"><\/div>\n\t\t\t\t\t\t\t<div class=\"elementor-container elementor-column-gap-default\">\n\t\t\t\t\t<div class=\"elementor-column elementor-col-100 elementor-top-column elementor-element elementor-element-129fb0cb\" data-id=\"129fb0cb\" data-element_type=\"column\" data-e-type=\"column\">\n\t\t\t<div class=\"elementor-widget-wrap\">\n\t\t\t\t\t\t\t<\/div>\n\t\t<\/div>\n\t\t\t\t\t<\/div>\n\t\t<\/section>\n\t\t\t\t<section class=\"elementor-section elementor-top-section elementor-element elementor-element-6582938f elementor-section-boxed elementor-section-height-default elementor-section-height-default\" data-id=\"6582938f\" data-element_type=\"section\" data-e-type=\"section\">\n\t\t\t\t\t\t<div class=\"elementor-container elementor-column-gap-default\">\n\t\t\t\t\t<div class=\"elementor-column elementor-col-100 elementor-top-column elementor-element elementor-element-47cfa3a2\" data-id=\"47cfa3a2\" data-element_type=\"column\" data-e-type=\"column\">\n\t\t\t<div class=\"elementor-widget-wrap elementor-element-populated\">\n\t\t\t\t\t\t<div class=\"elementor-element elementor-element-42590b2d elementor-widget elementor-widget-heading\" data-id=\"42590b2d\" data-element_type=\"widget\" data-e-type=\"widget\" data-widget_type=\"heading.default\">\n\t\t\t\t<div class=\"elementor-widget-container\">\n\t\t\t\t\t<h2 class=\"elementor-heading-title elementor-size-large\">Nauja didesn\u0117 gamykla\n<\/h2>\t\t\t\t<\/div>\n\t\t\t\t<\/div>\n\t\t\t\t<div class=\"elementor-element elementor-element-6f7bd390 elementor-widget elementor-widget-text-editor\" data-id=\"6f7bd390\" data-element_type=\"widget\" data-e-type=\"widget\" data-widget_type=\"text-editor.default\">\n\t\t\t\t<div class=\"elementor-widget-container\">\n\t\t\t\t\t\t\t\t\tVeikla perkelta \u012f didesn\u0119 naujai pastatyt\u0105 gamykl\u0105. Didesni gamybiniai plotai suteikia geresnes galimybes didinti sukirpimo, siuvimo, aptraukimo ir kit\u0173 u\u017esakom\u0173j\u0173 paslaug\u0173 apimtis.\t\t\t\t\t\t\t\t<\/div>\n\t\t\t\t<\/div>\n\t\t\t\t<section class=\"elementor-section elementor-inner-section elementor-element elementor-element-78e33584 elementor-section-boxed elementor-section-height-default elementor-section-height-default\" data-id=\"78e33584\" data-element_type=\"section\" data-e-type=\"section\">\n\t\t\t\t\t\t<div class=\"elementor-container elementor-column-gap-wider\">\n\t\t\t\t\t<div class=\"elementor-column elementor-col-50 elementor-inner-column elementor-element elementor-element-39c03713\" data-id=\"39c03713\" data-element_type=\"column\" data-e-type=\"column\" data-settings=\"{&quot;background_background&quot;:&quot;classic&quot;}\">\n\t\t\t<div class=\"elementor-widget-wrap elementor-element-populated\">\n\t\t\t\t\t\t<div class=\"elementor-element elementor-element-7f47162d elementor-widget elementor-widget-image\" data-id=\"7f47162d\" data-element_type=\"widget\" data-e-type=\"widget\" data-widget_type=\"image.default\">\n\t\t\t\t<div class=\"elementor-widget-container\">\n\t\t\t\t\t\t\t\t\t\t\t\t\t\t\t<img fetchpriority=\"high\" decoding=\"async\" width=\"800\" height=\"533\" src=\"https:\/\/baltic.be-ge.se\/wp-content\/uploads\/2023\/05\/IMG_6088.webp\" class=\"attachment-large size-large wp-image-13352\" alt=\"\" srcset=\"https:\/\/baltic.be-ge.se\/wp-content\/uploads\/2023\/05\/IMG_6088.webp 900w, https:\/\/baltic.be-ge.se\/wp-content\/uploads\/2023\/05\/IMG_6088-300x200.webp 300w, https:\/\/baltic.be-ge.se\/wp-content\/uploads\/2023\/05\/IMG_6088-768x512.webp 768w, https:\/\/baltic.be-ge.se\/wp-content\/uploads\/2023\/05\/IMG_6088-18x12.webp 18w\" sizes=\"(max-width: 800px) 100vw, 800px\" \/>\t\t\t\t\t\t\t\t\t\t\t\t\t\t\t<\/div>\n\t\t\t\t<\/div>\n\t\t\t\t\t<\/div>\n\t\t<\/div>\n\t\t\t\t<div class=\"elementor-column elementor-col-50 elementor-inner-column elementor-element elementor-element-50b97b8b\" data-id=\"50b97b8b\" data-element_type=\"column\" data-e-type=\"column\" data-settings=\"{&quot;background_background&quot;:&quot;classic&quot;}\">\n\t\t\t<div class=\"elementor-widget-wrap elementor-element-populated\">\n\t\t\t\t\t\t<div class=\"elementor-element elementor-element-1df2fdf elementor-widget elementor-widget-image\" data-id=\"1df2fdf\" data-element_type=\"widget\" data-e-type=\"widget\" data-widget_type=\"image.default\">\n\t\t\t\t<div class=\"elementor-widget-container\">\n\t\t\t\t\t\t\t\t\t\t\t\t\t\t\t<img decoding=\"async\" width=\"800\" height=\"533\" src=\"https:\/\/baltic.be-ge.se\/wp-content\/uploads\/2023\/05\/RS495_IMG_5728.webp\" class=\"attachment-large size-large wp-image-13353\" alt=\"Be-Ge Baltic UAB building byggnad\" srcset=\"https:\/\/baltic.be-ge.se\/wp-content\/uploads\/2023\/05\/RS495_IMG_5728.webp 900w, https:\/\/baltic.be-ge.se\/wp-content\/uploads\/2023\/05\/RS495_IMG_5728-300x200.webp 300w, https:\/\/baltic.be-ge.se\/wp-content\/uploads\/2023\/05\/RS495_IMG_5728-768x512.webp 768w, https:\/\/baltic.be-ge.se\/wp-content\/uploads\/2023\/05\/RS495_IMG_5728-18x12.webp 18w\" sizes=\"(max-width: 800px) 100vw, 800px\" \/>\t\t\t\t\t\t\t\t\t\t\t\t\t\t\t<\/div>\n\t\t\t\t<\/div>\n\t\t\t\t\t<\/div>\n\t\t<\/div>\n\t\t\t\t\t<\/div>\n\t\t<\/section>\n\t\t\t\t\t<\/div>\n\t\t<\/div>\n\t\t\t\t\t<\/div>\n\t\t<\/section>\n\t\t\t\t<section class=\"elementor-section elementor-top-section elementor-element elementor-element-1df448be elementor-section-boxed elementor-section-height-default elementor-section-height-default\" data-id=\"1df448be\" data-element_type=\"section\" data-e-type=\"section\">\n\t\t\t\t\t\t<div class=\"elementor-container elementor-column-gap-wider\">\n\t\t\t\t\t<div class=\"elementor-column elementor-col-100 elementor-top-column elementor-element elementor-element-14c0cbc9\" data-id=\"14c0cbc9\" data-element_type=\"column\" data-e-type=\"column\">\n\t\t\t<div class=\"elementor-widget-wrap elementor-element-populated\">\n\t\t\t\t\t\t<div class=\"elementor-element elementor-element-6194cb69 elementor-widget elementor-widget-heading\" data-id=\"6194cb69\" data-element_type=\"widget\" data-e-type=\"widget\" data-widget_type=\"heading.default\">\n\t\t\t\t<div class=\"elementor-widget-container\">\n\t\t\t\t\t<h2 class=\"elementor-heading-title elementor-size-large\">2008<\/h2>\t\t\t\t<\/div>\n\t\t\t\t<\/div>\n\t\t\t\t<div class=\"elementor-element elementor-element-50c186ff elementor-widget elementor-widget-text-editor\" data-id=\"50c186ff\" data-element_type=\"widget\" data-e-type=\"widget\" data-widget_type=\"text-editor.default\">\n\t\t\t\t<div class=\"elementor-widget-container\">\n\t\t\t\t\t\t\t\t\t2008 m. Be-Ge F\u00f6retagen AB \u012fsigijo likusius 20 proc. \u012fmon\u0117s akcij\u0173 ir UAB \u201eBe-Ge Amersanas\u201c tapo visi\u0161kai Be-Ge F\u00f6retagen AB priklausan\u010dia dukterine \u012fmone. 2010 m. \u012fmon\u0117s pavadinimas pakeistas \u012f \u201eBe-Ge Baltic\u201c, UAB, Pastaraisiais metai \u012fmon\u0117s pl\u0117tra buvo ypa\u010d didel\u0117, tod\u0117l buvo pastatyta nauja gamykla logisti\u0161kai patogioje vietoje prie tarptautinio Klaip\u0117dos j\u016br\u0173 uosto.\t\t\t\t\t\t\t\t<\/div>\n\t\t\t\t<\/div>\n\t\t\t\t<div class=\"elementor-element elementor-element-7bd796d elementor-hidden-mobile elementor-widget elementor-widget-video\" data-id=\"7bd796d\" data-element_type=\"widget\" data-e-type=\"widget\" data-settings=\"{&quot;youtube_url&quot;:&quot;https:\\\/\\\/youtu.be\\\/ZsYBJkMa0eA&quot;,&quot;yt_privacy&quot;:&quot;yes&quot;,&quot;lazy_load&quot;:&quot;yes&quot;,&quot;video_type&quot;:&quot;youtube&quot;,&quot;controls&quot;:&quot;yes&quot;}\" data-widget_type=\"video.default\">\n\t\t\t\t<div class=\"elementor-widget-container\">\n\t\t\t\t\t\t\t<div class=\"elementor-wrapper elementor-open-inline\">\n\t\t\t<div class=\"elementor-video\"><\/div>\t\t<\/div>\n\t\t\t\t\t\t<\/div>\n\t\t\t\t<\/div>\n\t\t\t\t<div class=\"elementor-element elementor-element-99528fa elementor-widget elementor-widget-text-editor\" data-id=\"99528fa\" data-element_type=\"widget\" data-e-type=\"widget\" data-widget_type=\"text-editor.default\">\n\t\t\t\t<div class=\"elementor-widget-container\">\n\t\t\t\t\t\t\t\t\tPagrindin\u0117 \u012fmon\u0117s veikla yra pramoninis siuvimas, dalinis ir galutinis komponent\u0173 montavimas pagal klient\u0173 u\u017esakymus. \u012emon\u0117 siuva u\u017evalkalus, aptraukia ir montuoja k\u0117des, s\u0117dynes, kitus gaminius klientams, gaminantiems transporto priemoni\u0173 s\u0117dynes, biuro, konferencij\u0173 sali\u0173, auditorij\u0173 ir pramonines k\u0117des, transporto priemoni\u0173 interjero dalis, ne\u012fgali\u0173j\u0173 ve\u017eim\u0117lius, baldus, bei vykdo kit\u0105 gamybin\u0119 veikl\u0105, susijusi\u0105 su tekstil\u0117s pramone.\t\t\t\t\t\t\t\t<\/div>\n\t\t\t\t<\/div>\n\t\t\t\t<div class=\"elementor-element elementor-element-1201c94 elementor-widget elementor-widget-heading\" data-id=\"1201c94\" data-element_type=\"widget\" data-e-type=\"widget\" data-widget_type=\"heading.default\">\n\t\t\t\t<div class=\"elementor-widget-container\">\n\t\t\t\t\t<h2 class=\"elementor-heading-title elementor-size-default\">Kvalifikuoti darbuotojai<\/h2>\t\t\t\t<\/div>\n\t\t\t\t<\/div>\n\t\t\t\t<div class=\"elementor-element elementor-element-8912415 elementor-widget elementor-widget-text-editor\" data-id=\"8912415\" data-element_type=\"widget\" data-e-type=\"widget\" data-widget_type=\"text-editor.default\">\n\t\t\t\t<div class=\"elementor-widget-container\">\n\t\t\t\t\t\t\t\t\tKvalifikuoti darbuotojai, \u0161vedi\u0161kai ir angli\u0161kai kalbanti \u012fmon\u0117s vadovyb\u0117 bei ma\u017ea darbuotoj\u0173 kaita sudaro s\u0105lygas lankstumui gamyboje, stabiliai kokybei bei pristatym\u0173 tikslumui. \u0160iuo metu \u012fmon\u0117je dirba 98 darbuotojai.\t\t\t\t\t\t\t\t<\/div>\n\t\t\t\t<\/div>\n\t\t\t\t\t<\/div>\n\t\t<\/div>\n\t\t\t\t\t<\/div>\n\t\t<\/section>\n\t\t\t\t<section class=\"elementor-section elementor-top-section elementor-element elementor-element-206ddd4 elementor-section-boxed elementor-section-height-default elementor-section-height-default\" data-id=\"206ddd4\" data-element_type=\"section\" data-e-type=\"section\" data-settings=\"{&quot;background_background&quot;:&quot;classic&quot;}\">\n\t\t\t\t\t\t<div class=\"elementor-container elementor-column-gap-default\">\n\t\t\t\t\t<div class=\"elementor-column elementor-col-100 elementor-top-column elementor-element elementor-element-bbf53e0\" data-id=\"bbf53e0\" data-element_type=\"column\" data-e-type=\"column\">\n\t\t\t<div class=\"elementor-widget-wrap elementor-element-populated\">\n\t\t\t\t\t\t<div class=\"elementor-element elementor-element-2e9bbd3 elementor-view-default elementor-widget elementor-widget-icon\" data-id=\"2e9bbd3\" data-element_type=\"widget\" data-e-type=\"widget\" data-widget_type=\"icon.default\">\n\t\t\t\t<div class=\"elementor-widget-container\">\n\t\t\t\t\t\t\t<div class=\"elementor-icon-wrapper\">\n\t\t\t<div class=\"elementor-icon\">\n\t\t\t<i aria-hidden=\"true\" class=\"fas fa-sync\"><\/i>\t\t\t<\/div>\n\t\t<\/div>\n\t\t\t\t\t\t<\/div>\n\t\t\t\t<\/div>\n\t\t\t\t<div class=\"elementor-element elementor-element-5725a60 elementor-widget elementor-widget-heading\" data-id=\"5725a60\" data-element_type=\"widget\" data-e-type=\"widget\" data-widget_type=\"heading.default\">\n\t\t\t\t<div class=\"elementor-widget-container\">\n\t\t\t\t\t<h2 class=\"elementor-heading-title elementor-size-default\">Ilgalaik\u0117 partneryst\u0117<\/h2>\t\t\t\t<\/div>\n\t\t\t\t<\/div>\n\t\t\t\t<div class=\"elementor-element elementor-element-95084c6 elementor-widget elementor-widget-text-editor\" data-id=\"95084c6\" data-element_type=\"widget\" data-e-type=\"widget\" data-widget_type=\"text-editor.default\">\n\t\t\t\t<div class=\"elementor-widget-container\">\n\t\t\t\t\t\t\t\t\tM\u016bs\u0173 stipriosios pus\u0117s \u2013 finansinis stabilumas, patirtis ir \u017einios \u2013 padeda kurti ir i\u0161laikyti ilgalaikius santykius su klientais.\t\t\t\t\t\t\t\t<\/div>\n\t\t\t\t<\/div>\n\t\t\t\t\t<\/div>\n\t\t<\/div>\n\t\t\t\t\t<\/div>\n\t\t<\/section>\n\t\t\t\t<section class=\"elementor-section elementor-top-section elementor-element elementor-element-a778f4d elementor-section-boxed elementor-section-height-default elementor-section-height-default\" data-id=\"a778f4d\" data-element_type=\"section\" data-e-type=\"section\">\n\t\t\t\t\t\t<div class=\"elementor-container elementor-column-gap-default\">\n\t\t\t\t\t<div class=\"elementor-column elementor-col-100 elementor-top-column elementor-element elementor-element-8482205\" data-id=\"8482205\" data-element_type=\"column\" data-e-type=\"column\">\n\t\t\t<div class=\"elementor-widget-wrap elementor-element-populated\">\n\t\t\t\t\t\t<div class=\"elementor-element elementor-element-6af44a5 elementor-widget elementor-widget-spacer\" data-id=\"6af44a5\" data-element_type=\"widget\" data-e-type=\"widget\" data-widget_type=\"spacer.default\">\n\t\t\t\t<div class=\"elementor-widget-container\">\n\t\t\t\t\t\t\t<div class=\"elementor-spacer\">\n\t\t\t<div class=\"elementor-spacer-inner\"><\/div>\n\t\t<\/div>\n\t\t\t\t\t\t<\/div>\n\t\t\t\t<\/div>\n\t\t\t\t\t<\/div>\n\t\t<\/div>\n\t\t\t\t\t<\/div>\n\t\t<\/section>\n\t\t\t\t<section class=\"elementor-section elementor-top-section elementor-element elementor-element-1825c275 elementor-section-height-min-height elementor-section-stretched elementor-section-boxed elementor-section-height-default elementor-section-items-middle\" data-id=\"1825c275\" data-element_type=\"section\" data-e-type=\"section\" data-settings=\"{&quot;background_background&quot;:&quot;classic&quot;,&quot;stretch_section&quot;:&quot;section-stretched&quot;}\">\n\t\t\t\t\t\t<div class=\"elementor-container elementor-column-gap-default\">\n\t\t\t\t\t<div class=\"elementor-column elementor-col-100 elementor-top-column elementor-element elementor-element-6270ae32\" data-id=\"6270ae32\" data-element_type=\"column\" data-e-type=\"column\">\n\t\t\t<div class=\"elementor-widget-wrap\">\n\t\t\t\t\t\t\t<\/div>\n\t\t<\/div>\n\t\t\t\t\t<\/div>\n\t\t<\/section>\n\t\t\t\t<section class=\"elementor-section elementor-top-section elementor-element elementor-element-60a0588 elementor-section-boxed elementor-section-height-default elementor-section-height-default\" data-id=\"60a0588\" data-element_type=\"section\" data-e-type=\"section\">\n\t\t\t\t\t\t<div class=\"elementor-container elementor-column-gap-default\">\n\t\t\t\t\t<div class=\"elementor-column elementor-col-100 elementor-top-column elementor-element elementor-element-d1232a7\" data-id=\"d1232a7\" data-element_type=\"column\" data-e-type=\"column\">\n\t\t\t<div class=\"elementor-widget-wrap\">\n\t\t\t\t\t\t\t<\/div>\n\t\t<\/div>\n\t\t\t\t\t<\/div>\n\t\t<\/section>\n\t\t\t\t<\/div>","protected":false},"excerpt":{"rendered":"<p>About Be-Ge Baltic UAB The company was established in 1995 as a family business and in 2002 started cooperation with Be-Ge Industry AB in Sweden and Be-Ge Jany A\/S in Denmark, becoming a qualified supplier for these companies. In 2006 the Swedish holding company Be-Ge F\u00f6retagen AB acquired 80% of shares in the restructured Be-Ge [&hellip;]<\/p>\n","protected":false},"author":7,"featured_media":0,"parent":0,"menu_order":0,"comment_status":"closed","ping_status":"closed","template":"","meta":{"_acf_changed":false,"footnotes":""},"class_list":["post-11134","page","type-page","status-publish","hentry"],"acf":[],"_links":{"self":[{"href":"https:\/\/baltic.be-ge.se\/lt\/wp-json\/wp\/v2\/pages\/11134","targetHints":{"allow":["GET"]}}],"collection":[{"href":"https:\/\/baltic.be-ge.se\/lt\/wp-json\/wp\/v2\/pages"}],"about":[{"href":"https:\/\/baltic.be-ge.se\/lt\/wp-json\/wp\/v2\/types\/page"}],"author":[{"embeddable":true,"href":"https:\/\/baltic.be-ge.se\/lt\/wp-json\/wp\/v2\/users\/7"}],"replies":[{"embeddable":true,"href":"https:\/\/baltic.be-ge.se\/lt\/wp-json\/wp\/v2\/comments?post=11134"}],"version-history":[{"count":79,"href":"https:\/\/baltic.be-ge.se\/lt\/wp-json\/wp\/v2\/pages\/11134\/revisions"}],"predecessor-version":[{"id":13925,"href":"https:\/\/baltic.be-ge.se\/lt\/wp-json\/wp\/v2\/pages\/11134\/revisions\/13925"}],"wp:attachment":[{"href":"https:\/\/baltic.be-ge.se\/lt\/wp-json\/wp\/v2\/media?parent=11134"}],"curies":[{"name":"wp","href":"https:\/\/api.w.org\/{rel}","templated":true}]}}